{"id":994,"date":"2024-03-25T05:36:27","date_gmt":"2024-03-25T04:36:27","guid":{"rendered":"https:\/\/www.omediaparis.com\/?page_id=994"},"modified":"2024-11-13T14:00:18","modified_gmt":"2024-11-13T13:00:18","slug":"les-equipes","status":"publish","type":"page","link":"https:\/\/www.omediaparis.com\/fr\/les-equipes\/","title":{"rendered":"Les \u00c9quipes"},"content":{"rendered":"\t\t<div data-elementor-type=\"wp-page\" data-elementor-id=\"994\" class=\"elementor elementor-994\" data-elementor-post-type=\"page\">\n\t\t\t\t<div class=\"elementor-element elementor-element-f229258 e-con-full e-flex e-con e-parent\" data-id=\"f229258\" data-element_type=\"container\">\n\t\t<div class=\"elementor-element elementor-element-de67172 e-con-full e-flex e-con e-child\" data-id=\"de67172\" data-element_type=\"container\" data-settings=\"{&quot;background_background&quot;:&quot;classic&quot;}\">\n\t\t\t\t<\/div>\n\t\t<div class=\"elementor-element elementor-element-1d6582c e-con-full e-flex e-con e-child\" data-id=\"1d6582c\" data-element_type=\"container\">\n\t\t\t\t<div class=\"elementor-element elementor-element-ff0b809 elementor-widget elementor-widget-heading\" data-id=\"ff0b809\" data-element_type=\"widget\" data-settings=\"{&quot;motion_fx_motion_fx_scrolling&quot;:&quot;yes&quot;,&quot;motion_fx_translateY_effect&quot;:&quot;yes&quot;,&quot;motion_fx_translateY_affectedRange&quot;:{&quot;unit&quot;:&quot;%&quot;,&quot;size&quot;:&quot;&quot;,&quot;sizes&quot;:{&quot;start&quot;:0,&quot;end&quot;:50}},&quot;motion_fx_translateY_speed&quot;:{&quot;unit&quot;:&quot;px&quot;,&quot;size&quot;:4,&quot;sizes&quot;:[]},&quot;motion_fx_devices&quot;:[&quot;desktop&quot;,&quot;tablet&quot;,&quot;mobile&quot;]}\" data-widget_type=\"heading.default\">\n\t\t\t\t<div class=\"elementor-widget-container\">\n\t\t\t\t\t<h2 class=\"elementor-heading-title elementor-size-default\">La team<\/h2>\t\t\t\t<\/div>\n\t\t\t\t<\/div>\n\t\t\t\t<div class=\"elementor-element elementor-element-e960361 elementor-widget-divider--view-line elementor-widget elementor-widget-divider\" data-id=\"e960361\" data-element_type=\"widget\" data-widget_type=\"divider.default\">\n\t\t\t\t<div class=\"elementor-widget-container\">\n\t\t\t\t\t\t\t<div class=\"elementor-divider\">\n\t\t\t<span class=\"elementor-divider-separator\">\n\t\t\t\t\t\t<\/span>\n\t\t<\/div>\n\t\t\t\t\t\t<\/div>\n\t\t\t\t<\/div>\n\t\t\t\t<div class=\"elementor-element elementor-element-d09ca98 elementor-widget elementor-widget-text-editor\" data-id=\"d09ca98\" data-element_type=\"widget\" data-widget_type=\"text-editor.default\">\n\t\t\t\t<div class=\"elementor-widget-container\">\n\t\t\t\t\t\t\t\t\t<div class=\"elementor-element elementor-element-16eed97 elementor-widget elementor-widget-text-editor\" data-id=\"16eed97\" data-element_type=\"widget\" data-widget_type=\"text-editor.default\"><div class=\"elementor-widget-container\"><p>Autour de J\u00e9r\u00f4me Hue, Fondateur et Pr\u00e9sident de l\u2019Agence, et de ses associ\u00e9s, les artistes artisans qui forgent l\u2019identit\u00e9 d\u2019OMEDIA sont autant de personnalit\u00e9s singuli\u00e8res et passionn\u00e9es.<\/p><p>Une agence experte et multiculturelle o\u00f9 talents et profils de tous horizons se c\u00f4toient dans le respect de leurs singularit\u00e9s et de leurs compl\u00e9mentarit\u00e9s.<\/p><\/div><\/div>\t\t\t\t\t\t\t\t<\/div>\n\t\t\t\t<\/div>\n\t\t\t\t<\/div>\n\t\t\t\t<\/div>\n\t\t<div class=\"elementor-element elementor-element-47c857b e-con-full e-flex e-con e-parent\" data-id=\"47c857b\" data-element_type=\"container\">\n\t\t<div class=\"elementor-element elementor-element-e81ecc0 e-con-full e-flex e-con e-child\" data-id=\"e81ecc0\" data-element_type=\"container\">\n\t\t\t\t<div class=\"elementor-element elementor-element-03a48c8 elementor-widget elementor-widget-heading\" data-id=\"03a48c8\" data-element_type=\"widget\" data-widget_type=\"heading.default\">\n\t\t\t\t<div class=\"elementor-widget-container\">\n\t\t\t\t\t<h2 class=\"elementor-heading-title elementor-size-default\">J\u00e9r\u00f4me Hue,<br>\n<h3>Pr\u00e9sident et Directeur de Cr\u00e9ation<\/h3>\n<\/h2>\t\t\t\t<\/div>\n\t\t\t\t<\/div>\n\t\t\t\t<div class=\"elementor-element elementor-element-4e487d4 elementor-widget-divider--view-line elementor-widget elementor-widget-divider\" data-id=\"4e487d4\" data-element_type=\"widget\" data-widget_type=\"divider.default\">\n\t\t\t\t<div class=\"elementor-widget-container\">\n\t\t\t\t\t\t\t<div class=\"elementor-divider\">\n\t\t\t<span class=\"elementor-divider-separator\">\n\t\t\t\t\t\t<\/span>\n\t\t<\/div>\n\t\t\t\t\t\t<\/div>\n\t\t\t\t<\/div>\n\t\t<div class=\"elementor-element elementor-element-959c643 e-con-full e-flex e-con e-child\" data-id=\"959c643\" data-element_type=\"container\">\n\t\t\t\t<div class=\"elementor-element elementor-element-b10481f elementor-widget__width-inherit elementor-widget elementor-widget-text-editor\" data-id=\"b10481f\" data-element_type=\"widget\" data-widget_type=\"text-editor.default\">\n\t\t\t\t<div class=\"elementor-widget-container\">\n\t\t\t\t\t\t\t\t\t<p>ENTREPRENEUR ESTH\u00c8TE<\/p><p>Dans la galaxie des Pr\u00e9sidents fondateurs ayant men\u00e9 leur entreprise de communication au sommet depuis plus de 20 ans, J\u00e9r\u00f4me Hue est un homme heureux. Derri\u00e8re sa mani\u00e8re smart, incisive et que l\u2019on sent d\u00e9termin\u00e9e se cache un homme d\u00e9sarmant de simplicit\u00e9\u2009: \u00e0 la t\u00eate d\u2019OMEDIA, il \u00ab\u2009fait le\u2009job\u2009\u00bb, en anti star, et ce job, il l\u2019aime parce qu\u2019il lui permet d\u2019assouvir sa passion\u2009: l\u2019art, la culture, le beau, et parce que son moteur, ce sont les contacts humains.<\/p><p>Entrepreneur dans l\u2019\u00e2me, il a fond\u00e9 son agence OMEDIA dans les ann\u00e9es 90 et\u2026 n\u2019a pas attendu la vogue des agences digitales pour mettre le digital. Cultiv\u00e9, sensible et intuitif, passionn\u00e9 : il a faim, faim de talent, de beaut\u00e9, de cr\u00e9ativit\u00e9, de diff\u00e9rences, de singularit\u00e9, d\u2019innovation, d\u2019id\u00e9es. Tous les sens en \u00e9veil, toutes antennes sorties, il capte l\u2019avant-garde, respire l\u2019air du temps, rep\u00e8re tous les signes qui vont faire la modernit\u00e9, que ce soit dans le design, l\u2019art, la litt\u00e9rature, la musique, la technologie, ou encore la d\u00e9coration, la mode, la gastronomie, le luxe.<\/p>\t\t\t\t\t\t\t\t<\/div>\n\t\t\t\t<\/div>\n\t\t\t\t<div class=\"elementor-element elementor-element-4b3cd5e elementor-widget__width-inherit elementor-widget elementor-widget-text-editor\" data-id=\"4b3cd5e\" data-element_type=\"widget\" data-widget_type=\"text-editor.default\">\n\t\t\t\t<div class=\"elementor-widget-container\">\n\t\t\t\t\t\t\t\t\t<p>D\u2019ailleurs, l\u2019agence OMEDIA est le miroir parfait de la vision de J\u00e9r\u00f4me Hue et de son ambition. Une \u00e9quipe jeune et multiculturelle, des personnalit\u00e9s singuli\u00e8res, citoyens du monde, un mix \u00e9clectique d\u2019experts et de partenaires.<br \/><br \/>Pour ces marques prestigieuses du Luxe, de la Beaut\u00e9 et du lifestyle, comme en interne, J\u00e9r\u00f4me Hue fait partager ses coups de c\u0153ur, insuffle des id\u00e9es innovantes, disruptives, qui puissent inspirer et pousser \u00e0 l\u2019action, il invite \u00e0 l\u2019imagination, \u00e0 l\u2019audace, \u00e0 la cr\u00e9ativit\u00e9.<\/p>\t\t\t\t\t\t\t\t<\/div>\n\t\t\t\t<\/div>\n\t\t\t\t<\/div>\n\t\t\t\t<\/div>\n\t\t<div class=\"elementor-element elementor-element-ac71fb8 e-con-full e-flex e-con e-child\" data-id=\"ac71fb8\" data-element_type=\"container\" data-settings=\"{&quot;background_background&quot;:&quot;classic&quot;}\">\n\t\t\t\t<\/div>\n\t\t\t\t<\/div>\n\t\t\t\t<\/div>\n\t\t","protected":false},"excerpt":{"rendered":"<p>La team Autour de J\u00e9r\u00f4me Hue, Fondateur et Pr\u00e9sident de l\u2019Agence, et de ses associ\u00e9s, les artistes artisans qui forgent l\u2019identit\u00e9 d\u2019OMEDIA [&hellip;]<\/p>\n","protected":false},"author":1,"featured_media":0,"parent":0,"menu_order":0,"comment_status":"closed","ping_status":"closed","template":"elementor_header_footer","meta":{"footnotes":""},"class_list":["post-994","page","type-page","status-publish","hentry"],"yoast_head":"<!-- This site is optimized with the Yoast SEO plugin v27.4 - https:\/\/yoast.com\/product\/yoast-seo-wordpress\/ -->\n<title>L&#039;\u00c9quipe d&#039;accompagnement au service de vos cr\u00e9ations I OMEDIA PARIS<\/title>\n<meta name=\"description\" content=\"Les \u00e9quipes d&#039;Omedia Paris sont expertes dans la cr\u00e9ation et l&#039;accompagnement de projets digitaux et communication des marques de luxe et d&#039;excellence.\" \/>\n<meta name=\"robots\" content=\"index, follow, max-snippet:-1, max-image-preview:large, max-video-preview:-1\" \/>\n<link rel=\"canonical\" href=\"https:\/\/www.omediaparis.com\/fr\/les-equipes\/\" \/>\n<meta property=\"og:locale\" content=\"fr_FR\" \/>\n<meta property=\"og:type\" content=\"article\" \/>\n<meta property=\"og:title\" content=\"L&#039;\u00c9quipe d&#039;accompagnement au service de vos cr\u00e9ations I OMEDIA PARIS\" \/>\n<meta property=\"og:description\" content=\"Les \u00e9quipes d&#039;Omedia Paris sont expertes dans la cr\u00e9ation et l&#039;accompagnement de projets digitaux et communication des marques de luxe et d&#039;excellence.\" \/>\n<meta property=\"og:url\" content=\"https:\/\/www.omediaparis.com\/fr\/les-equipes\/\" \/>\n<meta property=\"og:site_name\" content=\"OMEDIA PARIS\" \/>\n<meta property=\"article:modified_time\" content=\"2024-11-13T13:00:18+00:00\" \/>\n<meta name=\"twitter:card\" content=\"summary_large_image\" \/>\n<meta name=\"twitter:label1\" content=\"Dur\u00e9e de lecture estim\u00e9e\" \/>\n\t<meta name=\"twitter:data1\" content=\"2 minutes\" \/>\n<script type=\"application\/ld+json\" class=\"yoast-schema-graph\">{\"@context\":\"https:\\\/\\\/schema.org\",\"@graph\":[{\"@type\":\"WebPage\",\"@id\":\"https:\\\/\\\/www.omediaparis.com\\\/fr\\\/les-equipes\\\/\",\"url\":\"https:\\\/\\\/www.omediaparis.com\\\/fr\\\/les-equipes\\\/\",\"name\":\"L'\u00c9quipe d'accompagnement au service de vos cr\u00e9ations I OMEDIA PARIS\",\"isPartOf\":{\"@id\":\"https:\\\/\\\/www.omediaparis.com\\\/fr\\\/#website\"},\"datePublished\":\"2024-03-25T04:36:27+00:00\",\"dateModified\":\"2024-11-13T13:00:18+00:00\",\"description\":\"Les \u00e9quipes d'Omedia Paris sont expertes dans la cr\u00e9ation et l'accompagnement de projets digitaux et communication des marques de luxe et d'excellence.\",\"breadcrumb\":{\"@id\":\"https:\\\/\\\/www.omediaparis.com\\\/fr\\\/les-equipes\\\/#breadcrumb\"},\"inLanguage\":\"fr-FR\",\"potentialAction\":[{\"@type\":\"ReadAction\",\"target\":[\"https:\\\/\\\/www.omediaparis.com\\\/fr\\\/les-equipes\\\/\"]}]},{\"@type\":\"BreadcrumbList\",\"@id\":\"https:\\\/\\\/www.omediaparis.com\\\/fr\\\/les-equipes\\\/#breadcrumb\",\"itemListElement\":[{\"@type\":\"ListItem\",\"position\":1,\"name\":\"Accueil\",\"item\":\"https:\\\/\\\/www.omediaparis.com\\\/fr\\\/\"},{\"@type\":\"ListItem\",\"position\":2,\"name\":\"Les \u00c9quipes\"}]},{\"@type\":\"WebSite\",\"@id\":\"https:\\\/\\\/www.omediaparis.com\\\/fr\\\/#website\",\"url\":\"https:\\\/\\\/www.omediaparis.com\\\/fr\\\/\",\"name\":\"OMEDIA PARIS\",\"description\":\"Agence de Communication Luxe\",\"publisher\":{\"@id\":\"https:\\\/\\\/www.omediaparis.com\\\/fr\\\/#organization\"},\"potentialAction\":[{\"@type\":\"SearchAction\",\"target\":{\"@type\":\"EntryPoint\",\"urlTemplate\":\"https:\\\/\\\/www.omediaparis.com\\\/fr\\\/?s={search_term_string}\"},\"query-input\":{\"@type\":\"PropertyValueSpecification\",\"valueRequired\":true,\"valueName\":\"search_term_string\"}}],\"inLanguage\":\"fr-FR\"},{\"@type\":\"Organization\",\"@id\":\"https:\\\/\\\/www.omediaparis.com\\\/fr\\\/#organization\",\"name\":\"OMEDIA\",\"url\":\"https:\\\/\\\/www.omediaparis.com\\\/fr\\\/\",\"logo\":{\"@type\":\"ImageObject\",\"inLanguage\":\"fr-FR\",\"@id\":\"https:\\\/\\\/www.omediaparis.com\\\/fr\\\/#\\\/schema\\\/logo\\\/image\\\/\",\"url\":\"https:\\\/\\\/www.omediaparis.com\\\/wp-content\\\/uploads\\\/2024\\\/03\\\/logo-omedia.png\",\"contentUrl\":\"https:\\\/\\\/www.omediaparis.com\\\/wp-content\\\/uploads\\\/2024\\\/03\\\/logo-omedia.png\",\"width\":828,\"height\":220,\"caption\":\"OMEDIA\"},\"image\":{\"@id\":\"https:\\\/\\\/www.omediaparis.com\\\/fr\\\/#\\\/schema\\\/logo\\\/image\\\/\"},\"sameAs\":[\"https:\\\/\\\/www.instagram.com\\\/omediaparis\\\/\",\"https:\\\/\\\/www.linkedin.com\\\/company\\\/omedia\\\/\"]}]}<\/script>\n<!-- \/ Yoast SEO plugin. -->","yoast_head_json":{"title":"L'\u00c9quipe d'accompagnement au service de vos cr\u00e9ations I OMEDIA PARIS","description":"Les \u00e9quipes d'Omedia Paris sont expertes dans la cr\u00e9ation et l'accompagnement de projets digitaux et communication des marques de luxe et d'excellence.","robots":{"index":"index","follow":"follow","max-snippet":"max-snippet:-1","max-image-preview":"max-image-preview:large","max-video-preview":"max-video-preview:-1"},"canonical":"https:\/\/www.omediaparis.com\/fr\/les-equipes\/","og_locale":"fr_FR","og_type":"article","og_title":"L'\u00c9quipe d'accompagnement au service de vos cr\u00e9ations I OMEDIA PARIS","og_description":"Les \u00e9quipes d'Omedia Paris sont expertes dans la cr\u00e9ation et l'accompagnement de projets digitaux et communication des marques de luxe et d'excellence.","og_url":"https:\/\/www.omediaparis.com\/fr\/les-equipes\/","og_site_name":"OMEDIA PARIS","article_modified_time":"2024-11-13T13:00:18+00:00","twitter_card":"summary_large_image","twitter_misc":{"Dur\u00e9e de lecture estim\u00e9e":"2 minutes"},"schema":{"@context":"https:\/\/schema.org","@graph":[{"@type":"WebPage","@id":"https:\/\/www.omediaparis.com\/fr\/les-equipes\/","url":"https:\/\/www.omediaparis.com\/fr\/les-equipes\/","name":"L'\u00c9quipe d'accompagnement au service de vos cr\u00e9ations I OMEDIA PARIS","isPartOf":{"@id":"https:\/\/www.omediaparis.com\/fr\/#website"},"datePublished":"2024-03-25T04:36:27+00:00","dateModified":"2024-11-13T13:00:18+00:00","description":"Les \u00e9quipes d'Omedia Paris sont expertes dans la cr\u00e9ation et l'accompagnement de projets digitaux et communication des marques de luxe et d'excellence.","breadcrumb":{"@id":"https:\/\/www.omediaparis.com\/fr\/les-equipes\/#breadcrumb"},"inLanguage":"fr-FR","potentialAction":[{"@type":"ReadAction","target":["https:\/\/www.omediaparis.com\/fr\/les-equipes\/"]}]},{"@type":"BreadcrumbList","@id":"https:\/\/www.omediaparis.com\/fr\/les-equipes\/#breadcrumb","itemListElement":[{"@type":"ListItem","position":1,"name":"Accueil","item":"https:\/\/www.omediaparis.com\/fr\/"},{"@type":"ListItem","position":2,"name":"Les \u00c9quipes"}]},{"@type":"WebSite","@id":"https:\/\/www.omediaparis.com\/fr\/#website","url":"https:\/\/www.omediaparis.com\/fr\/","name":"OMEDIA PARIS","description":"Agence de Communication Luxe","publisher":{"@id":"https:\/\/www.omediaparis.com\/fr\/#organization"},"potentialAction":[{"@type":"SearchAction","target":{"@type":"EntryPoint","urlTemplate":"https:\/\/www.omediaparis.com\/fr\/?s={search_term_string}"},"query-input":{"@type":"PropertyValueSpecification","valueRequired":true,"valueName":"search_term_string"}}],"inLanguage":"fr-FR"},{"@type":"Organization","@id":"https:\/\/www.omediaparis.com\/fr\/#organization","name":"OMEDIA","url":"https:\/\/www.omediaparis.com\/fr\/","logo":{"@type":"ImageObject","inLanguage":"fr-FR","@id":"https:\/\/www.omediaparis.com\/fr\/#\/schema\/logo\/image\/","url":"https:\/\/www.omediaparis.com\/wp-content\/uploads\/2024\/03\/logo-omedia.png","contentUrl":"https:\/\/www.omediaparis.com\/wp-content\/uploads\/2024\/03\/logo-omedia.png","width":828,"height":220,"caption":"OMEDIA"},"image":{"@id":"https:\/\/www.omediaparis.com\/fr\/#\/schema\/logo\/image\/"},"sameAs":["https:\/\/www.instagram.com\/omediaparis\/","https:\/\/www.linkedin.com\/company\/omedia\/"]}]}},"_links":{"self":[{"href":"https:\/\/www.omediaparis.com\/fr\/wp-json\/wp\/v2\/pages\/994","targetHints":{"allow":["GET"]}}],"collection":[{"href":"https:\/\/www.omediaparis.com\/fr\/wp-json\/wp\/v2\/pages"}],"about":[{"href":"https:\/\/www.omediaparis.com\/fr\/wp-json\/wp\/v2\/types\/page"}],"author":[{"embeddable":true,"href":"https:\/\/www.omediaparis.com\/fr\/wp-json\/wp\/v2\/users\/1"}],"replies":[{"embeddable":true,"href":"https:\/\/www.omediaparis.com\/fr\/wp-json\/wp\/v2\/comments?post=994"}],"version-history":[{"count":21,"href":"https:\/\/www.omediaparis.com\/fr\/wp-json\/wp\/v2\/pages\/994\/revisions"}],"predecessor-version":[{"id":4910,"href":"https:\/\/www.omediaparis.com\/fr\/wp-json\/wp\/v2\/pages\/994\/revisions\/4910"}],"wp:attachment":[{"href":"https:\/\/www.omediaparis.com\/fr\/wp-json\/wp\/v2\/media?parent=994"}],"curies":[{"name":"wp","href":"https:\/\/api.w.org\/{rel}","templated":true}]}}