{"id":966,"date":"2024-03-25T04:40:44","date_gmt":"2024-03-25T03:40:44","guid":{"rendered":"https:\/\/www.omediaparis.com\/?page_id=966"},"modified":"2024-11-26T11:17:31","modified_gmt":"2024-11-26T10:17:31","slug":"le-savoir-faire","status":"publish","type":"page","link":"https:\/\/www.omediaparis.com\/fr\/le-savoir-faire\/","title":{"rendered":"Le Savoir-Faire"},"content":{"rendered":"<h2>Conseil<br \/>\nen Strat\u00e9gie de Marque<\/h2>\n<p>Conseil<br \/>Planning strat\u00e9gique<br \/>Plateforme de marque<br \/>Manifeste<br \/>Territoire d\u2019expression<br \/>Brand book<br \/>Creative guidelines<\/p>\n<p>Parce que la r\u00e9flexion pr\u00e9c\u00e8de toujours la conviction.<br \/>Nous pensons les marques et les accompagnons dans la construction d\u2019une identit\u00e9 singuli\u00e8re et unique au c\u0153ur de leur strat\u00e9gie.<br \/>Une conviction forg\u00e9e par notre sensibilit\u00e9 aux histoires et aux valeurs de chaque marque, m\u00eal\u00e9e de notre curiosit\u00e9. Par notre capacit\u00e9 \u00e0 jouer des d\u00e9cloisonnements entre tous les secteurs, de la mode \u00e0 la beaut\u00e9, de l\u2019art \u00e0 l\u2019architecture, du design \u00e0 la gastronomie.<\/p>\n<p>Nous \u00e9crivons une histoire dans leur histoire, trouvons les mots et les id\u00e9es qui rendront leurs attraits distinctifs et concevons \u00e0 leurs c\u00f4t\u00e9s le manifeste de marque qui rend chacune singuli\u00e8re.<\/p>\n<p><a href=\"https:\/\/www.omediaparis.com\/fr\/strategie-de-marque\/\">D\u00c9COUVRIR NOS CLIENTS<\/a>\t\t<\/p>\n<h2>Strat\u00e9gie d\u2019Image<br \/>\n&amp; Publicit\u00e9<\/h2>\n<p>Direction de cr\u00e9ation<br \/>Cr\u00e9ation de concept singulier<br \/>Campagne publicitaire &#8211; print, tv, online<br \/>Production et achat d\u2019art<br \/>Identit\u00e9 visuelle<br \/>Design<\/p>\n<p>Nous envisageons le luxe comme une exp\u00e9rience esth\u00e9tique. Et surtout comme une dynamique cr\u00e9ative et collaborative.<br \/>Direction artistique, strat\u00e9gie d\u2019image, identit\u00e9 visuelle ; nous sommes des artistes-artisans inspir\u00e9s par les cr\u00e9ations, l\u2019ADN et l\u2019univers de chacune des marques que nous accompagnons. Nous cr\u00e9ons des contenus \u00e0 leur image et porteurs de sens.<br \/>Nous cultivons l\u2019excellence et le sens du d\u00e9tail, nous cr\u00e9ons avec passion.<\/p>\n<p>Strat\u00e9gie de marque, territoire d\u2019expression, concept, storytelling, direction artistique, achat d\u2019art et production ; nous mettons en \u0153uvre des campagnes publicitaires internationales avec pour conviction que la r\u00e9ussite d\u2019une marque repose sur la force d\u2019une vision.<\/p>\n<p><a href=\"https:\/\/www.omediaparis.com\/fr\/image-brand-content\/\">D\u00c9COUVRIR NOS R\u00c9ALISATIONS<\/a>\t\t<\/p>\n<h2>Brand Content<\/h2>\n<p>Strat\u00e9gie de contenu<br \/>Direction artistique<br \/>Strat\u00e9gie d\u2019activation<br \/>Storytelling<br \/>Production photo<br \/>Production film<\/p>\n<p>Cr\u00e9er des exp\u00e9riences, raconter les marques, d\u00e9tecter les talents ; le brand content est au c\u0153ur de notre expertise. Social media, \u00e9dition, RP, etc. De la vision strat\u00e9gique \u00e0 la production, nous imaginons et cr\u00e9ons les contenus de marque : concept, storytelling, direction artistique, recherche de talents (photographes, set designers, mannequins, etc.), r\u00e9alisation, coordination et suivi de production.<\/p>\n<p><a href=\"https:\/\/www.omediaparis.com\/fr\/branding\/\">D\u00c9COUVRIR NOS R\u00c9ALISATIONS IMAGE<\/a>\t\t<\/p>\n<h2>Production<\/h2>\n<p>Production photo<br \/>Production film<br \/>Achat d\u2019art, casting, stylisme et set-design<br \/>Production \u00e9ditoriale<br \/>Sourcing et fabrication<br \/>Production digitale<\/p>\n<p>Du casting \u00e0 la post-production, en passant par le rep\u00e9rage et l\u2019achat d\u2019art, nous nous occupons de chacune des \u00e9tapes de production photo et film.<br \/>Campagne publicitaire, film de marque, vid\u00e9o reportage, moodfilm, still life, brand content social media, nous avons \u00e0 c\u0153ur de raconter des histoires en transmettant des valeurs.<br \/>Studio photo still life int\u00e9gr\u00e9 \u00e0 l\u2019agence.<\/p>\n<p><a href=\"https:\/\/www.omediaparis.com\/fr\/image-brand-content\/\">D\u00c9COUVRIR NOS R\u00c9ALISATIONS IMAGE<\/a>\t\t<\/p>\n<h2>Plateforme Digitale<br \/>\n&amp; Site Web<\/h2>\n<p>Strat\u00e9gie digitale<br \/>UX Design<br \/>UI Design<br \/>Webdesign<br \/>Site web corporate, produit, \u00e9v\u00e9nementiel<br \/>Site e-commerce<br \/>Acquisition<br \/>SEO, SEA, Marketplace, CRM<\/p>\n<p>Omedia accompagne les marques dans la cr\u00e9ation, la construction et le d\u00e9ploiement de leur strat\u00e9gie et plateforme digitale.<br \/>\u2013 UX Design \u2013 nous pla\u00e7ons l\u2019exp\u00e9rience et le parcours utilisateur au c\u0153ur de notre d\u00e9marche<br \/>\u2013 Webdesign et d\u00e9veloppement site web \u2013 site e-commerce, site corporate, site produit, site relations presse, site \u00e9v\u00e9nementiel<br \/>\u2013 D\u00e9veloppement cross device \u2013 mobile, tablette et desktop \u2013 et responsive design<br \/>\u2013 R\u00e9f\u00e9rencement \u2013 SEO et SEA<br \/>\u2013 Strat\u00e9gie et contenu \u00e9ditorial<br \/>\u2013 Cr\u00e9ation et production de contenus digitaux \u2013 photos, films, motion design<\/p>\n<p><a href=\"https:\/\/www.omediaparis.com\/fr\/site-web-application\/\">D\u00c9COUVRIR NOS R\u00c9ALISATIONS<\/a>\t\t<\/p>\n<h2>Strat\u00e9gie d&rsquo;Influence<br \/>\n&amp; Social Media<\/h2>\n<p>Strat\u00e9gie digitale<br \/>Activation sociale<br \/>Marketing d\u2019influence (micro et macro)<br \/>Social media influence<br \/>Cr\u00e9ation et production de contenu<br \/>Community management<br \/>Social advertising<\/p>\n<p>Nous envisageons le luxe comme une dynamique collaborative, contributive, relationnelle et culturelle, porteuse de sens et d\u2019influence.<br \/>Nous accompagnons les marques dans leur strat\u00e9gie d\u2019influence digitale et social media.<\/p>\n<p>Observer, engager, mesurer, nous concevons notre m\u00e9tier au-del\u00e0 des chiffres, avec une v\u00e9ritable approche cr\u00e9ative et collaborative.<br \/>S\u00e9lectionner des talents et profils en ad\u00e9quation avec l\u2019univers et l\u2019ADN de marque \u2013 micro-influenceurs, key opinion leaders, talents \u00e9mergents ou c\u00e9l\u00e8bres.<br \/>Construire une relation privil\u00e9gi\u00e9e entre les marques et les influenceurs.<br \/>Proposer des concepts disruptifs et uniques pour se d\u00e9marquer.<br \/>Cr\u00e9er des contenus propres et nourrir l\u2019image de marque.<br \/>Concevoir des exp\u00e9riences, cultiver la proximit\u00e9, engager.<\/p>\n<p>L\u2019accompagnement Omedia :<br \/>\u2013 Concept, conseil et strat\u00e9gie social media<br \/>\u2013 Recommandation et s\u00e9lection d\u2019influenceurs<br \/>\u2013 N\u00e9gociation et mise en place de partenariats<br \/>\u2013 Cr\u00e9ation et production de contenus<br \/>\u2013 R\u00e9daction des posts<br \/>\u2013 Activation digitale<br \/>\u2013 Community management<br \/>\u2013 Reporting data \u2013 impressions, taux d\u2019engagement, reach<\/p>\n<p>Objectifs : visibilit\u00e9, notori\u00e9t\u00e9, engagement<\/p>\n<p><a href=\"https:\/\/www.omediaparis.com\/fr\/strategie-social-media-et-influence\/\">D\u00c9COUVRIR NOS R\u00c9ALISATIONS<\/a>\t\t<\/p>\n<h2>\u00c9dition<\/h2>\n<p>Strat\u00e9gie \u00e9ditoriale<br \/>Strat\u00e9gie de contenu<br \/>Storytelling<br \/>Conception et r\u00e9daction<br \/>Iconographie<br \/>Livre de marque, ouvrage patrimonial, magazine,<br \/>rapport annuel, dossier de presse<br \/>Production<\/p>\n<p>Raconter une histoire, cr\u00e9er des r\u00e9cits de marque, exprimer les valeurs ou l\u2019identit\u00e9 d\u2019une maison, faire \u00e9cho \u00e0 sa culture, ses racines, sa singularit\u00e9 ; repenser la narration sous toutes ses formes. L\u2019image et l\u2019\u00e9crit.<\/p>\n<p>Communication corporate, \u00e9ditoriale ou patrimoniale, nous cultivons une sensibilit\u00e9 aux histoires et aux valeurs de chacune, crois\u00e9e avec notre curiosit\u00e9, une ouverture aux influences qui traversent le monde et la soci\u00e9t\u00e9. Livre de marque, magazine ou dossier de presse, chaque ouvrage est pens\u00e9 comme un v\u00e9ritable objet de luxe. De la conception au sourcing de mati\u00e8res, de l\u2019id\u00e9e aux pr\u00e9conisations de fabrication et \u00e0 la production ; l\u2019\u00e9dition est au c\u0153ur de notre savoir-faire.<\/p>\n<p><a href=\"https:\/\/www.omediaparis.com\/fr\/edition\/\">D\u00c9COUVRIR NOS R\u00c9ALISATIONS<\/a><\/p>\n","protected":false},"excerpt":{"rendered":"<p>Conseil en Strat\u00e9gie de Marque ConseilPlanning strat\u00e9giquePlateforme de marqueManifesteTerritoire d\u2019expressionBrand bookCreative guidelines Parce que la r\u00e9flexion pr\u00e9c\u00e8de toujours la conviction.Nous pensons les [&hellip;]<\/p>\n","protected":false},"author":1,"featured_media":0,"parent":0,"menu_order":0,"comment_status":"closed","ping_status":"closed","template":"","meta":{"footnotes":""},"class_list":["post-966","page","type-page","status-publish","hentry"],"yoast_head":"<!-- This site is optimized with the Yoast SEO plugin v26.5 - https:\/\/yoast.com\/wordpress\/plugins\/seo\/ -->\n<title>Le Savoir-Faire I OMEDIA PARIS<\/title>\n<meta name=\"description\" content=\"Nous accompagnons les marques pour r\u00e9fl\u00e9chir ensemble \u00e0 une strat\u00e9gie efficace et percutante pour leurs projets d&#039;exceptions.\" \/>\n<meta name=\"robots\" content=\"noindex, follow\" \/>\n<meta property=\"og:locale\" content=\"fr_FR\" \/>\n<meta property=\"og:type\" content=\"article\" \/>\n<meta property=\"og:title\" content=\"Le Savoir-Faire I OMEDIA PARIS\" \/>\n<meta property=\"og:description\" content=\"Nous accompagnons les marques pour r\u00e9fl\u00e9chir ensemble \u00e0 une strat\u00e9gie efficace et percutante pour leurs projets d&#039;exceptions.\" \/>\n<meta property=\"og:url\" content=\"https:\/\/www.omediaparis.com\/fr\/le-savoir-faire\/\" \/>\n<meta property=\"og:site_name\" content=\"OMEDIA PARIS\" \/>\n<meta property=\"article:modified_time\" content=\"2024-11-26T10:17:31+00:00\" \/>\n<meta name=\"twitter:card\" content=\"summary_large_image\" \/>\n<meta name=\"twitter:label1\" content=\"Dur\u00e9e de lecture estim\u00e9e\" \/>\n\t<meta name=\"twitter:data1\" content=\"5 minutes\" \/>\n<script type=\"application\/ld+json\" class=\"yoast-schema-graph\">{\"@context\":\"https:\/\/schema.org\",\"@graph\":[{\"@type\":\"WebPage\",\"@id\":\"https:\/\/www.omediaparis.com\/fr\/le-savoir-faire\/\",\"url\":\"https:\/\/www.omediaparis.com\/fr\/le-savoir-faire\/\",\"name\":\"Le Savoir-Faire I OMEDIA PARIS\",\"isPartOf\":{\"@id\":\"https:\/\/www.omediaparis.com\/fr\/#website\"},\"datePublished\":\"2024-03-25T03:40:44+00:00\",\"dateModified\":\"2024-11-26T10:17:31+00:00\",\"description\":\"Nous accompagnons les marques pour r\u00e9fl\u00e9chir ensemble \u00e0 une strat\u00e9gie efficace et percutante pour leurs projets d'exceptions.\",\"breadcrumb\":{\"@id\":\"https:\/\/www.omediaparis.com\/fr\/le-savoir-faire\/#breadcrumb\"},\"inLanguage\":\"fr-FR\",\"potentialAction\":[{\"@type\":\"ReadAction\",\"target\":[\"https:\/\/www.omediaparis.com\/fr\/le-savoir-faire\/\"]}]},{\"@type\":\"BreadcrumbList\",\"@id\":\"https:\/\/www.omediaparis.com\/fr\/le-savoir-faire\/#breadcrumb\",\"itemListElement\":[{\"@type\":\"ListItem\",\"position\":1,\"name\":\"Accueil\",\"item\":\"https:\/\/www.omediaparis.com\/fr\/\"},{\"@type\":\"ListItem\",\"position\":2,\"name\":\"Le Savoir-Faire\"}]},{\"@type\":\"WebSite\",\"@id\":\"https:\/\/www.omediaparis.com\/fr\/#website\",\"url\":\"https:\/\/www.omediaparis.com\/fr\/\",\"name\":\"OMEDIA PARIS\",\"description\":\"Agence de Communication Luxe\",\"publisher\":{\"@id\":\"https:\/\/www.omediaparis.com\/fr\/#organization\"},\"potentialAction\":[{\"@type\":\"SearchAction\",\"target\":{\"@type\":\"EntryPoint\",\"urlTemplate\":\"https:\/\/www.omediaparis.com\/fr\/?s={search_term_string}\"},\"query-input\":{\"@type\":\"PropertyValueSpecification\",\"valueRequired\":true,\"valueName\":\"search_term_string\"}}],\"inLanguage\":\"fr-FR\"},{\"@type\":\"Organization\",\"@id\":\"https:\/\/www.omediaparis.com\/fr\/#organization\",\"name\":\"OMEDIA\",\"url\":\"https:\/\/www.omediaparis.com\/fr\/\",\"logo\":{\"@type\":\"ImageObject\",\"inLanguage\":\"fr-FR\",\"@id\":\"https:\/\/www.omediaparis.com\/fr\/#\/schema\/logo\/image\/\",\"url\":\"https:\/\/www.omediaparis.com\/wp-content\/uploads\/2024\/03\/logo-omedia.png\",\"contentUrl\":\"https:\/\/www.omediaparis.com\/wp-content\/uploads\/2024\/03\/logo-omedia.png\",\"width\":828,\"height\":220,\"caption\":\"OMEDIA\"},\"image\":{\"@id\":\"https:\/\/www.omediaparis.com\/fr\/#\/schema\/logo\/image\/\"},\"sameAs\":[\"https:\/\/www.instagram.com\/omediaparis\/\",\"https:\/\/www.linkedin.com\/company\/omedia\/\"]}]}<\/script>\n<!-- \/ Yoast SEO plugin. -->","yoast_head_json":{"title":"Le Savoir-Faire I OMEDIA PARIS","description":"Nous accompagnons les marques pour r\u00e9fl\u00e9chir ensemble \u00e0 une strat\u00e9gie efficace et percutante pour leurs projets d'exceptions.","robots":{"index":"noindex","follow":"follow"},"og_locale":"fr_FR","og_type":"article","og_title":"Le Savoir-Faire I OMEDIA PARIS","og_description":"Nous accompagnons les marques pour r\u00e9fl\u00e9chir ensemble \u00e0 une strat\u00e9gie efficace et percutante pour leurs projets d'exceptions.","og_url":"https:\/\/www.omediaparis.com\/fr\/le-savoir-faire\/","og_site_name":"OMEDIA PARIS","article_modified_time":"2024-11-26T10:17:31+00:00","twitter_card":"summary_large_image","twitter_misc":{"Dur\u00e9e de lecture estim\u00e9e":"5 minutes"},"schema":{"@context":"https:\/\/schema.org","@graph":[{"@type":"WebPage","@id":"https:\/\/www.omediaparis.com\/fr\/le-savoir-faire\/","url":"https:\/\/www.omediaparis.com\/fr\/le-savoir-faire\/","name":"Le Savoir-Faire I OMEDIA PARIS","isPartOf":{"@id":"https:\/\/www.omediaparis.com\/fr\/#website"},"datePublished":"2024-03-25T03:40:44+00:00","dateModified":"2024-11-26T10:17:31+00:00","description":"Nous accompagnons les marques pour r\u00e9fl\u00e9chir ensemble \u00e0 une strat\u00e9gie efficace et percutante pour leurs projets d'exceptions.","breadcrumb":{"@id":"https:\/\/www.omediaparis.com\/fr\/le-savoir-faire\/#breadcrumb"},"inLanguage":"fr-FR","potentialAction":[{"@type":"ReadAction","target":["https:\/\/www.omediaparis.com\/fr\/le-savoir-faire\/"]}]},{"@type":"BreadcrumbList","@id":"https:\/\/www.omediaparis.com\/fr\/le-savoir-faire\/#breadcrumb","itemListElement":[{"@type":"ListItem","position":1,"name":"Accueil","item":"https:\/\/www.omediaparis.com\/fr\/"},{"@type":"ListItem","position":2,"name":"Le Savoir-Faire"}]},{"@type":"WebSite","@id":"https:\/\/www.omediaparis.com\/fr\/#website","url":"https:\/\/www.omediaparis.com\/fr\/","name":"OMEDIA PARIS","description":"Agence de Communication Luxe","publisher":{"@id":"https:\/\/www.omediaparis.com\/fr\/#organization"},"potentialAction":[{"@type":"SearchAction","target":{"@type":"EntryPoint","urlTemplate":"https:\/\/www.omediaparis.com\/fr\/?s={search_term_string}"},"query-input":{"@type":"PropertyValueSpecification","valueRequired":true,"valueName":"search_term_string"}}],"inLanguage":"fr-FR"},{"@type":"Organization","@id":"https:\/\/www.omediaparis.com\/fr\/#organization","name":"OMEDIA","url":"https:\/\/www.omediaparis.com\/fr\/","logo":{"@type":"ImageObject","inLanguage":"fr-FR","@id":"https:\/\/www.omediaparis.com\/fr\/#\/schema\/logo\/image\/","url":"https:\/\/www.omediaparis.com\/wp-content\/uploads\/2024\/03\/logo-omedia.png","contentUrl":"https:\/\/www.omediaparis.com\/wp-content\/uploads\/2024\/03\/logo-omedia.png","width":828,"height":220,"caption":"OMEDIA"},"image":{"@id":"https:\/\/www.omediaparis.com\/fr\/#\/schema\/logo\/image\/"},"sameAs":["https:\/\/www.instagram.com\/omediaparis\/","https:\/\/www.linkedin.com\/company\/omedia\/"]}]}},"_links":{"self":[{"href":"https:\/\/www.omediaparis.com\/fr\/wp-json\/wp\/v2\/pages\/966","targetHints":{"allow":["GET"]}}],"collection":[{"href":"https:\/\/www.omediaparis.com\/fr\/wp-json\/wp\/v2\/pages"}],"about":[{"href":"https:\/\/www.omediaparis.com\/fr\/wp-json\/wp\/v2\/types\/page"}],"author":[{"embeddable":true,"href":"https:\/\/www.omediaparis.com\/fr\/wp-json\/wp\/v2\/users\/1"}],"replies":[{"embeddable":true,"href":"https:\/\/www.omediaparis.com\/fr\/wp-json\/wp\/v2\/comments?post=966"}],"version-history":[{"count":18,"href":"https:\/\/www.omediaparis.com\/fr\/wp-json\/wp\/v2\/pages\/966\/revisions"}],"predecessor-version":[{"id":4913,"href":"https:\/\/www.omediaparis.com\/fr\/wp-json\/wp\/v2\/pages\/966\/revisions\/4913"}],"wp:attachment":[{"href":"https:\/\/www.omediaparis.com\/fr\/wp-json\/wp\/v2\/media?parent=966"}],"curies":[{"name":"wp","href":"https:\/\/api.w.org\/{rel}","templated":true}]}}