{"id":1310,"date":"2024-04-04T03:20:04","date_gmt":"2024-04-04T01:20:04","guid":{"rendered":"https:\/\/www.omediaparis.com\/?page_id=1310"},"modified":"2024-11-21T13:42:39","modified_gmt":"2024-11-21T12:42:39","slug":"branding","status":"publish","type":"page","link":"https:\/\/www.omediaparis.com\/fr\/branding\/","title":{"rendered":"Branding &amp; Naming"},"content":{"rendered":"\t\t<div data-elementor-type=\"wp-page\" data-elementor-id=\"1310\" class=\"elementor elementor-1310\" data-elementor-post-type=\"page\">\n\t\t\t\t<div class=\"elementor-element elementor-element-f229258 e-con-full e-flex e-con e-parent\" data-id=\"f229258\" data-element_type=\"container\" data-settings=\"{&quot;background_background&quot;:&quot;classic&quot;}\">\n\t\t<div class=\"elementor-element elementor-element-e519184 e-flex e-con-boxed e-con e-child\" data-id=\"e519184\" data-element_type=\"container\">\n\t\t\t\t\t<div class=\"e-con-inner\">\n\t\t\t\t<div class=\"elementor-element elementor-element-16579bb elementor-widget elementor-widget-heading\" data-id=\"16579bb\" data-element_type=\"widget\" data-widget_type=\"heading.default\">\n\t\t\t\t<div class=\"elementor-widget-container\">\n\t\t\t\t\t<h1 class=\"elementor-heading-title elementor-size-default\">Branding &amp; Naming<\/h1>\t\t\t\t<\/div>\n\t\t\t\t<\/div>\n\t\t\t\t<div class=\"elementor-element elementor-element-921d992 elementor-widget-divider--view-line elementor-widget elementor-widget-divider\" data-id=\"921d992\" data-element_type=\"widget\" data-widget_type=\"divider.default\">\n\t\t\t\t<div class=\"elementor-widget-container\">\n\t\t\t\t\t\t\t<div class=\"elementor-divider\">\n\t\t\t<span class=\"elementor-divider-separator\">\n\t\t\t\t\t\t<\/span>\n\t\t<\/div>\n\t\t\t\t\t\t<\/div>\n\t\t\t\t<\/div>\n\t\t\t\t<div class=\"elementor-element elementor-element-a723121 elementor-widget elementor-widget-text-editor\" data-id=\"a723121\" data-element_type=\"widget\" data-widget_type=\"text-editor.default\">\n\t\t\t\t<div class=\"elementor-widget-container\">\n\t\t\t\t\t\t\t\t\t<p>NAMING, ICONOGRAPHIE, CHARTE GRAPHIQUE, OUTILS DE COMMUNICATION<\/p>\t\t\t\t\t\t\t\t<\/div>\n\t\t\t\t<\/div>\n\t\t\t\t\t<\/div>\n\t\t\t\t<\/div>\n\t\t\t\t<\/div>\n\t\t<div class=\"elementor-element elementor-element-5a51885 e-flex e-con-boxed e-con e-parent\" data-id=\"5a51885\" data-element_type=\"container\">\n\t\t\t\t\t<div class=\"e-con-inner\">\n\t\t<div class=\"elementor-element elementor-element-2fd4878 e-con-full e-flex e-con e-child\" data-id=\"2fd4878\" data-element_type=\"container\">\n\t\t\t\t<div class=\"elementor-element elementor-element-b765475 elementor-widget elementor-widget-text-editor\" data-id=\"b765475\" data-element_type=\"widget\" data-widget_type=\"text-editor.default\">\n\t\t\t\t<div class=\"elementor-widget-container\">\n\t\t\t\t\t\t\t\t\t<p class=\"p1\"><em>Branding &#8211; Ensemble d\u2019actions visant \u00e0 construire une image de marque, imm\u00e9diatement identifiable et v\u00e9hiculant sa vision. Association d\u2019\u00e9l\u00e9ments graphiques et textuels destin\u00e9s \u00e0 s\u00e9duire, laisser une empreinte et rester en m\u00e9moire\u2026 \u00c0 <strong>rendre la marque intemporelle<\/strong>.<\/em><\/p><p class=\"p1\"><em>Naming &#8211; Action de transformer une id\u00e9e en nom. De <strong>cr\u00e9er une entit\u00e9 embl\u00e9matique<\/strong>.<\/em><\/p><p class=\"p1\">L\u2019art de s\u00e9duire l&rsquo;\u0153il et l\u2019esprit. Et de nommer une id\u00e9e.<\/p><h2 class=\"p1\">Captiver au premier regard<\/h2><p class=\"p1\">Branding et naming : deux strat\u00e9gies compl\u00e9mentaires pour une m\u00eame mission. Donner \u00e0 la marque un <strong>pouvoir \u00e9vocateur<\/strong>. <strong>Toucher<\/strong>, attirer, tisser des liens, nourrir la pr\u00e9f\u00e9rence des utilisateurs. Gagner une place \u00e0 part dans leur <strong>imaginaire<\/strong>.<\/p><p class=\"p1\">Notre mission : comprendre votre marque, lui donner vie et l\u2019incarner. La faire rayonner de l\u2019int\u00e9rieur. <strong>Mettre en lumi\u00e8re ses valeurs<\/strong> par ses codes et son ton. Formuler &#8211; dans la forme &#8211; la bonne promesse produit, au bon moment.<\/p><p class=\"p1\">Le branding na\u00eet d\u2019une <strong>vision<\/strong>, qui repousse les limites de votre territoire d\u2019expression. Nous concevons des identit\u00e9s qui capturent l\u2019essence unique de chaque projet et renforcent le <strong>pouvoir d\u2019attraction<\/strong> de la marque.<\/p><h2 class=\"p1\">Cr\u00e9er l\u2019identit\u00e9 m\u00e9morable et intemporelle<\/h2><p class=\"p1\">Naming de marque ou de produit : le nom devient d\u00e9signation. Pour faire de son objet une <strong>ic\u00f4ne<\/strong>, il doit \u00eatre <strong>embl\u00e9matique<\/strong>. Porter en lui son sens, transmettre son caract\u00e8re et r\u00e9sonner dans les esprits.<\/p><p class=\"p1\">De la recherche de nom \u00e0 conception de la charte graphique, et jusqu\u2019\u00e0 la cr\u00e9ation des outils de communication, <strong>Omedia Paris cr\u00e9e les marques et constitue leur image<\/strong>. Nos experts vous accompagnent dans la construction d\u2019une identit\u00e9 de marque forte, belle et strat\u00e9gique. Nous ancrons vos produits et services dans le <strong>patrimoine du luxe<\/strong>.<\/p><p class=\"p1\"><a href=\"https:\/\/www.omediaparis.com\/fr\/\"><span style=\"text-decoration: underline;\">Notre expertise<\/span><\/a><\/p>\t\t\t\t\t\t\t\t<\/div>\n\t\t\t\t<\/div>\n\t\t\t\t<div class=\"elementor-element elementor-element-d99d864 elementor-widget elementor-widget-text-editor\" data-id=\"d99d864\" data-element_type=\"widget\" data-widget_type=\"text-editor.default\">\n\t\t\t\t<div class=\"elementor-widget-container\">\n\t\t\t\t\t\t\t\t\t<p><strong>#luxurybrand #creativeagency<\/strong><\/p>\t\t\t\t\t\t\t\t<\/div>\n\t\t\t\t<\/div>\n\t\t\t\t<\/div>\n\t\t<div class=\"elementor-element elementor-element-f9fa5a2 e-con-full e-flex e-con e-child\" data-id=\"f9fa5a2\" data-element_type=\"container\">\n\t\t\t\t<div class=\"elementor-element elementor-element-bfbb648 elementor-widget elementor-widget-text-editor\" data-id=\"bfbb648\" data-element_type=\"widget\" data-widget_type=\"text-editor.default\">\n\t\t\t\t<div class=\"elementor-widget-container\">\n\t\t\t\t\t\t\t\t\t<p><strong>NAMING<\/strong> Cr\u00e9ation de nom de marque, produit, service<\/p><p><strong>ICONOGRAPHIE<\/strong> Territoire visuel<\/p><p><strong>CHARTE GRAPHIQUE<\/strong> \u00c9l\u00e9ments visuels, logotype<\/p>\t\t\t\t\t\t\t\t<\/div>\n\t\t\t\t<\/div>\n\t\t\t\t<\/div>\n\t\t\t\t\t<\/div>\n\t\t\t\t<\/div>\n\t\t<div class=\"elementor-element elementor-element-0638e7a e-flex e-con-boxed e-con e-parent\" data-id=\"0638e7a\" data-element_type=\"container\">\n\t\t\t\t\t<div class=\"e-con-inner\">\n\t\t\t\t<div class=\"elementor-element elementor-element-45c102d elementor-posts__hover-none elementor-grid-tablet-3 elementor-grid-3 elementor-grid-mobile-1 elementor-posts--thumbnail-top elementor-widget elementor-widget-posts\" data-id=\"45c102d\" data-element_type=\"widget\" data-settings=\"{&quot;cards_row_gap&quot;:{&quot;unit&quot;:&quot;rem&quot;,&quot;size&quot;:2,&quot;sizes&quot;:[]},&quot;cards_row_gap_tablet&quot;:{&quot;unit&quot;:&quot;rem&quot;,&quot;size&quot;:&quot;&quot;,&quot;sizes&quot;:[]},&quot;cards_row_gap_mobile&quot;:{&quot;unit&quot;:&quot;rem&quot;,&quot;size&quot;:&quot;&quot;,&quot;sizes&quot;:[]},&quot;cards_columns_tablet&quot;:&quot;3&quot;,&quot;cards_columns&quot;:&quot;3&quot;,&quot;cards_columns_mobile&quot;:&quot;1&quot;}\" data-widget_type=\"posts.cards\">\n\t\t\t\t<div class=\"elementor-widget-container\">\n\t\t\t\t\t\t\t<div class=\"elementor-posts-container elementor-posts elementor-posts--skin-cards elementor-grid\" role=\"list\">\n\t\t\t\t<article class=\"elementor-post elementor-grid-item post-6312 post type-post status-publish format-standard has-post-thumbnail hentry category-branding-naming category-image\" role=\"listitem\">\n\t\t\t<div class=\"elementor-post__card\">\n\t\t\t\t<a class=\"elementor-post__thumbnail__link\" href=\"https:\/\/www.omediaparis.com\/fr\/intelligence-artificielle\/\" tabindex=\"-1\" ><div class=\"elementor-post__thumbnail\"><img fetchpriority=\"high\" decoding=\"async\" width=\"666\" height=\"940\" src=\"https:\/\/www.omediaparis.com\/wp-content\/uploads\/2025\/12\/omedia-intelligence-artificielle-featured.jpg\" class=\"attachment-full size-full wp-image-6313\" alt=\"\" srcset=\"https:\/\/www.omediaparis.com\/wp-content\/uploads\/2025\/12\/omedia-intelligence-artificielle-featured.jpg 666w, https:\/\/www.omediaparis.com\/wp-content\/uploads\/2025\/12\/omedia-intelligence-artificielle-featured-213x300.jpg 213w, https:\/\/www.omediaparis.com\/wp-content\/uploads\/2025\/12\/omedia-intelligence-artificielle-featured-461x650.jpg 461w\" sizes=\"(max-width: 666px) 100vw, 666px\" \/><\/div><\/a>\n\t\t\t\t<div class=\"elementor-post__text\">\n\t\t\t\t<h3 class=\"elementor-post__title\">\n\t\t\t<a href=\"https:\/\/www.omediaparis.com\/fr\/intelligence-artificielle\/\" >\n\t\t\t\tIntelligence artificielle\t\t\t<\/a>\n\t\t<\/h3>\n\t\t\t\t<div class=\"elementor-post__excerpt\">\n\t\t\t<p>Chez Omedia Paris, nous explorons un territoire in\u00e9dit o\u00f9 l\u2019intelligence artificielle devient muse et complice des cr\u00e9ateurs.<\/p>\n\t\t<\/div>\n\t\t\t\t\t<div class=\"elementor-post__read-more-wrapper\">\n\t\t\n\t\t<a class=\"elementor-post__read-more\" href=\"https:\/\/www.omediaparis.com\/fr\/intelligence-artificielle\/\" aria-label=\"Read more about Intelligence artificielle\" tabindex=\"-1\" >\n\t\t\tD\u00e9couvrir\t\t<\/a>\n\n\t\t\t\t\t<\/div>\n\t\t\t\t<\/div>\n\t\t\t\t\t<\/div>\n\t\t<\/article>\n\t\t\t\t<article class=\"elementor-post elementor-grid-item post-3183 post type-post status-publish format-standard has-post-thumbnail hentry category-branding-naming\" role=\"listitem\">\n\t\t\t<div class=\"elementor-post__card\">\n\t\t\t\t<a class=\"elementor-post__thumbnail__link\" href=\"https:\/\/www.omediaparis.com\/fr\/galerie-ary-jan\/\" tabindex=\"-1\" ><div class=\"elementor-post__thumbnail\"><img decoding=\"async\" width=\"666\" height=\"940\" src=\"https:\/\/www.omediaparis.com\/wp-content\/uploads\/2024\/05\/omedia-galerie-ary-jan-featured.webp\" class=\"attachment-full size-full wp-image-3184\" alt=\"\" srcset=\"https:\/\/www.omediaparis.com\/wp-content\/uploads\/2024\/05\/omedia-galerie-ary-jan-featured.webp 666w, https:\/\/www.omediaparis.com\/wp-content\/uploads\/2024\/05\/omedia-galerie-ary-jan-featured-213x300.webp 213w, https:\/\/www.omediaparis.com\/wp-content\/uploads\/2024\/05\/omedia-galerie-ary-jan-featured-461x650.webp 461w\" sizes=\"(max-width: 666px) 100vw, 666px\" \/><\/div><\/a>\n\t\t\t\t<div class=\"elementor-post__text\">\n\t\t\t\t<h3 class=\"elementor-post__title\">\n\t\t\t<a href=\"https:\/\/www.omediaparis.com\/fr\/galerie-ary-jan\/\" >\n\t\t\t\tGalerie Ary Jan\t\t\t<\/a>\n\t\t<\/h3>\n\t\t\t\t<div class=\"elementor-post__excerpt\">\n\t\t\t<p>Galerie Ary Jan confie \u00e0 Omedia la refonte de son logo et de sa charte graphique.<\/p>\n\t\t<\/div>\n\t\t\t\t\t<div class=\"elementor-post__read-more-wrapper\">\n\t\t\n\t\t<a class=\"elementor-post__read-more\" href=\"https:\/\/www.omediaparis.com\/fr\/galerie-ary-jan\/\" aria-label=\"Read more about Galerie Ary Jan\" tabindex=\"-1\" >\n\t\t\tD\u00e9couvrir\t\t<\/a>\n\n\t\t\t\t\t<\/div>\n\t\t\t\t<\/div>\n\t\t\t\t\t<\/div>\n\t\t<\/article>\n\t\t\t\t<article class=\"elementor-post elementor-grid-item post-3167 post type-post status-publish format-standard has-post-thumbnail hentry category-branding-naming\" role=\"listitem\">\n\t\t\t<div class=\"elementor-post__card\">\n\t\t\t\t<a class=\"elementor-post__thumbnail__link\" href=\"https:\/\/www.omediaparis.com\/fr\/adour-ecole-ducasse\/\" tabindex=\"-1\" ><div class=\"elementor-post__thumbnail\"><img decoding=\"async\" width=\"666\" height=\"940\" src=\"https:\/\/www.omediaparis.com\/wp-content\/uploads\/2024\/05\/omedia-adour-ecole-ducasse-featured.webp\" class=\"attachment-full size-full wp-image-3168\" alt=\"\" srcset=\"https:\/\/www.omediaparis.com\/wp-content\/uploads\/2024\/05\/omedia-adour-ecole-ducasse-featured.webp 666w, https:\/\/www.omediaparis.com\/wp-content\/uploads\/2024\/05\/omedia-adour-ecole-ducasse-featured-213x300.webp 213w, https:\/\/www.omediaparis.com\/wp-content\/uploads\/2024\/05\/omedia-adour-ecole-ducasse-featured-461x650.webp 461w\" sizes=\"(max-width: 666px) 100vw, 666px\" \/><\/div><\/a>\n\t\t\t\t<div class=\"elementor-post__text\">\n\t\t\t\t<h3 class=\"elementor-post__title\">\n\t\t\t<a href=\"https:\/\/www.omediaparis.com\/fr\/adour-ecole-ducasse\/\" >\n\t\t\t\tAdour, \u00c9cole Alain Ducasse\t\t\t<\/a>\n\t\t<\/h3>\n\t\t\t\t<div class=\"elementor-post__excerpt\">\n\t\t\t<p>Omedia Paris accompagne Adour dans la construction de son identit\u00e9 de marque \u00e0 travers un logotype.<\/p>\n\t\t<\/div>\n\t\t\t\t\t<div class=\"elementor-post__read-more-wrapper\">\n\t\t\n\t\t<a class=\"elementor-post__read-more\" href=\"https:\/\/www.omediaparis.com\/fr\/adour-ecole-ducasse\/\" aria-label=\"Read more about Adour, \u00c9cole Alain Ducasse\" tabindex=\"-1\" >\n\t\t\tD\u00e9couvrir\t\t<\/a>\n\n\t\t\t\t\t<\/div>\n\t\t\t\t<\/div>\n\t\t\t\t\t<\/div>\n\t\t<\/article>\n\t\t\t\t<article class=\"elementor-post elementor-grid-item post-3151 post type-post status-publish format-standard has-post-thumbnail hentry category-branding-naming\" role=\"listitem\">\n\t\t\t<div class=\"elementor-post__card\">\n\t\t\t\t<a class=\"elementor-post__thumbnail__link\" href=\"https:\/\/www.omediaparis.com\/fr\/intact-naming\/\" tabindex=\"-1\" ><div class=\"elementor-post__thumbnail\"><img loading=\"lazy\" decoding=\"async\" width=\"666\" height=\"940\" src=\"https:\/\/www.omediaparis.com\/wp-content\/uploads\/2024\/05\/intact-regenerative-naming-featured.webp\" class=\"attachment-full size-full wp-image-3152\" alt=\"\" srcset=\"https:\/\/www.omediaparis.com\/wp-content\/uploads\/2024\/05\/intact-regenerative-naming-featured.webp 666w, https:\/\/www.omediaparis.com\/wp-content\/uploads\/2024\/05\/intact-regenerative-naming-featured-213x300.webp 213w, https:\/\/www.omediaparis.com\/wp-content\/uploads\/2024\/05\/intact-regenerative-naming-featured-461x650.webp 461w\" sizes=\"(max-width: 666px) 100vw, 666px\" \/><\/div><\/a>\n\t\t\t\t<div class=\"elementor-post__text\">\n\t\t\t\t<h3 class=\"elementor-post__title\">\n\t\t\t<a href=\"https:\/\/www.omediaparis.com\/fr\/intact-naming\/\" >\n\t\t\t\tIntact Regenerative\t\t\t<\/a>\n\t\t<\/h3>\n\t\t\t\t<div class=\"elementor-post__excerpt\">\n\t\t\t<p>L\u2019agence d\u00e9finit l\u2019essence d\u2019INTACT en cr\u00e9ant son naming, sa plateforme de marque, son identit\u00e9 visuelle et ses outils de communication.<\/p>\n\t\t<\/div>\n\t\t\t\t\t<div class=\"elementor-post__read-more-wrapper\">\n\t\t\n\t\t<a class=\"elementor-post__read-more\" href=\"https:\/\/www.omediaparis.com\/fr\/intact-naming\/\" aria-label=\"Read more about Intact Regenerative\" tabindex=\"-1\" >\n\t\t\tD\u00e9couvrir\t\t<\/a>\n\n\t\t\t\t\t<\/div>\n\t\t\t\t<\/div>\n\t\t\t\t\t<\/div>\n\t\t<\/article>\n\t\t\t\t<\/div>\n\t\t\n\t\t\t\t\t\t<\/div>\n\t\t\t\t<\/div>\n\t\t\t\t\t<\/div>\n\t\t\t\t<\/div>\n\t\t\t\t<\/div>\n\t\t","protected":false},"excerpt":{"rendered":"<p>Branding &amp; Naming NAMING, ICONOGRAPHIE, CHARTE GRAPHIQUE, OUTILS DE COMMUNICATION Branding &#8211; Ensemble d\u2019actions visant \u00e0 construire une image de marque, imm\u00e9diatement [&hellip;]<\/p>\n","protected":false},"author":1,"featured_media":0,"parent":0,"menu_order":0,"comment_status":"closed","ping_status":"closed","template":"elementor_header_footer","meta":{"footnotes":""},"class_list":["post-1310","page","type-page","status-publish","hentry"],"yoast_head":"<!-- This site is optimized with the Yoast SEO plugin v26.5 - https:\/\/yoast.com\/wordpress\/plugins\/seo\/ -->\n<title>Branding pour l&#039;univers du luxe | OMEDIA Paris<\/title>\n<meta name=\"description\" content=\"Marques du luxe, nous vous proposons des strat\u00e9gies de branding pour faire la diff\u00e9rence. Laissez-nous devenir le porte-parole le plus fid\u00e8le de vos valeurs.\" \/>\n<meta name=\"robots\" content=\"index, follow, max-snippet:-1, max-image-preview:large, max-video-preview:-1\" \/>\n<link rel=\"canonical\" href=\"https:\/\/www.omediaparis.com\/fr\/branding\/\" \/>\n<meta property=\"og:locale\" content=\"fr_FR\" \/>\n<meta property=\"og:type\" content=\"article\" \/>\n<meta property=\"og:title\" content=\"Branding pour l&#039;univers du luxe | OMEDIA Paris\" \/>\n<meta property=\"og:description\" content=\"Marques du luxe, nous vous proposons des strat\u00e9gies de branding pour faire la diff\u00e9rence. Laissez-nous devenir le porte-parole le plus fid\u00e8le de vos valeurs.\" \/>\n<meta property=\"og:url\" content=\"https:\/\/www.omediaparis.com\/fr\/branding\/\" \/>\n<meta property=\"og:site_name\" content=\"OMEDIA PARIS\" \/>\n<meta property=\"article:modified_time\" content=\"2024-11-21T12:42:39+00:00\" \/>\n<meta name=\"twitter:card\" content=\"summary_large_image\" \/>\n<meta name=\"twitter:label1\" content=\"Dur\u00e9e de lecture estim\u00e9e\" \/>\n\t<meta name=\"twitter:data1\" content=\"3 minutes\" \/>\n<script type=\"application\/ld+json\" class=\"yoast-schema-graph\">{\"@context\":\"https:\/\/schema.org\",\"@graph\":[{\"@type\":\"WebPage\",\"@id\":\"https:\/\/www.omediaparis.com\/fr\/branding\/\",\"url\":\"https:\/\/www.omediaparis.com\/fr\/branding\/\",\"name\":\"Branding pour l'univers du luxe | OMEDIA Paris\",\"isPartOf\":{\"@id\":\"https:\/\/www.omediaparis.com\/fr\/#website\"},\"datePublished\":\"2024-04-04T01:20:04+00:00\",\"dateModified\":\"2024-11-21T12:42:39+00:00\",\"description\":\"Marques du luxe, nous vous proposons des strat\u00e9gies de branding pour faire la diff\u00e9rence. Laissez-nous devenir le porte-parole le plus fid\u00e8le de vos valeurs.\",\"breadcrumb\":{\"@id\":\"https:\/\/www.omediaparis.com\/fr\/branding\/#breadcrumb\"},\"inLanguage\":\"fr-FR\",\"potentialAction\":[{\"@type\":\"ReadAction\",\"target\":[\"https:\/\/www.omediaparis.com\/fr\/branding\/\"]}]},{\"@type\":\"BreadcrumbList\",\"@id\":\"https:\/\/www.omediaparis.com\/fr\/branding\/#breadcrumb\",\"itemListElement\":[{\"@type\":\"ListItem\",\"position\":1,\"name\":\"Accueil\",\"item\":\"https:\/\/www.omediaparis.com\/fr\/\"},{\"@type\":\"ListItem\",\"position\":2,\"name\":\"Branding &amp; Naming\"}]},{\"@type\":\"WebSite\",\"@id\":\"https:\/\/www.omediaparis.com\/fr\/#website\",\"url\":\"https:\/\/www.omediaparis.com\/fr\/\",\"name\":\"OMEDIA PARIS\",\"description\":\"Agence de Communication Luxe\",\"publisher\":{\"@id\":\"https:\/\/www.omediaparis.com\/fr\/#organization\"},\"potentialAction\":[{\"@type\":\"SearchAction\",\"target\":{\"@type\":\"EntryPoint\",\"urlTemplate\":\"https:\/\/www.omediaparis.com\/fr\/?s={search_term_string}\"},\"query-input\":{\"@type\":\"PropertyValueSpecification\",\"valueRequired\":true,\"valueName\":\"search_term_string\"}}],\"inLanguage\":\"fr-FR\"},{\"@type\":\"Organization\",\"@id\":\"https:\/\/www.omediaparis.com\/fr\/#organization\",\"name\":\"OMEDIA\",\"url\":\"https:\/\/www.omediaparis.com\/fr\/\",\"logo\":{\"@type\":\"ImageObject\",\"inLanguage\":\"fr-FR\",\"@id\":\"https:\/\/www.omediaparis.com\/fr\/#\/schema\/logo\/image\/\",\"url\":\"https:\/\/www.omediaparis.com\/wp-content\/uploads\/2024\/03\/logo-omedia.png\",\"contentUrl\":\"https:\/\/www.omediaparis.com\/wp-content\/uploads\/2024\/03\/logo-omedia.png\",\"width\":828,\"height\":220,\"caption\":\"OMEDIA\"},\"image\":{\"@id\":\"https:\/\/www.omediaparis.com\/fr\/#\/schema\/logo\/image\/\"},\"sameAs\":[\"https:\/\/www.instagram.com\/omediaparis\/\",\"https:\/\/www.linkedin.com\/company\/omedia\/\"]}]}<\/script>\n<!-- \/ Yoast SEO plugin. -->","yoast_head_json":{"title":"Branding pour l'univers du luxe | OMEDIA Paris","description":"Marques du luxe, nous vous proposons des strat\u00e9gies de branding pour faire la diff\u00e9rence. Laissez-nous devenir le porte-parole le plus fid\u00e8le de vos valeurs.","robots":{"index":"index","follow":"follow","max-snippet":"max-snippet:-1","max-image-preview":"max-image-preview:large","max-video-preview":"max-video-preview:-1"},"canonical":"https:\/\/www.omediaparis.com\/fr\/branding\/","og_locale":"fr_FR","og_type":"article","og_title":"Branding pour l'univers du luxe | OMEDIA Paris","og_description":"Marques du luxe, nous vous proposons des strat\u00e9gies de branding pour faire la diff\u00e9rence. Laissez-nous devenir le porte-parole le plus fid\u00e8le de vos valeurs.","og_url":"https:\/\/www.omediaparis.com\/fr\/branding\/","og_site_name":"OMEDIA PARIS","article_modified_time":"2024-11-21T12:42:39+00:00","twitter_card":"summary_large_image","twitter_misc":{"Dur\u00e9e de lecture estim\u00e9e":"3 minutes"},"schema":{"@context":"https:\/\/schema.org","@graph":[{"@type":"WebPage","@id":"https:\/\/www.omediaparis.com\/fr\/branding\/","url":"https:\/\/www.omediaparis.com\/fr\/branding\/","name":"Branding pour l'univers du luxe | OMEDIA Paris","isPartOf":{"@id":"https:\/\/www.omediaparis.com\/fr\/#website"},"datePublished":"2024-04-04T01:20:04+00:00","dateModified":"2024-11-21T12:42:39+00:00","description":"Marques du luxe, nous vous proposons des strat\u00e9gies de branding pour faire la diff\u00e9rence. Laissez-nous devenir le porte-parole le plus fid\u00e8le de vos valeurs.","breadcrumb":{"@id":"https:\/\/www.omediaparis.com\/fr\/branding\/#breadcrumb"},"inLanguage":"fr-FR","potentialAction":[{"@type":"ReadAction","target":["https:\/\/www.omediaparis.com\/fr\/branding\/"]}]},{"@type":"BreadcrumbList","@id":"https:\/\/www.omediaparis.com\/fr\/branding\/#breadcrumb","itemListElement":[{"@type":"ListItem","position":1,"name":"Accueil","item":"https:\/\/www.omediaparis.com\/fr\/"},{"@type":"ListItem","position":2,"name":"Branding &amp; Naming"}]},{"@type":"WebSite","@id":"https:\/\/www.omediaparis.com\/fr\/#website","url":"https:\/\/www.omediaparis.com\/fr\/","name":"OMEDIA PARIS","description":"Agence de Communication Luxe","publisher":{"@id":"https:\/\/www.omediaparis.com\/fr\/#organization"},"potentialAction":[{"@type":"SearchAction","target":{"@type":"EntryPoint","urlTemplate":"https:\/\/www.omediaparis.com\/fr\/?s={search_term_string}"},"query-input":{"@type":"PropertyValueSpecification","valueRequired":true,"valueName":"search_term_string"}}],"inLanguage":"fr-FR"},{"@type":"Organization","@id":"https:\/\/www.omediaparis.com\/fr\/#organization","name":"OMEDIA","url":"https:\/\/www.omediaparis.com\/fr\/","logo":{"@type":"ImageObject","inLanguage":"fr-FR","@id":"https:\/\/www.omediaparis.com\/fr\/#\/schema\/logo\/image\/","url":"https:\/\/www.omediaparis.com\/wp-content\/uploads\/2024\/03\/logo-omedia.png","contentUrl":"https:\/\/www.omediaparis.com\/wp-content\/uploads\/2024\/03\/logo-omedia.png","width":828,"height":220,"caption":"OMEDIA"},"image":{"@id":"https:\/\/www.omediaparis.com\/fr\/#\/schema\/logo\/image\/"},"sameAs":["https:\/\/www.instagram.com\/omediaparis\/","https:\/\/www.linkedin.com\/company\/omedia\/"]}]}},"_links":{"self":[{"href":"https:\/\/www.omediaparis.com\/fr\/wp-json\/wp\/v2\/pages\/1310","targetHints":{"allow":["GET"]}}],"collection":[{"href":"https:\/\/www.omediaparis.com\/fr\/wp-json\/wp\/v2\/pages"}],"about":[{"href":"https:\/\/www.omediaparis.com\/fr\/wp-json\/wp\/v2\/types\/page"}],"author":[{"embeddable":true,"href":"https:\/\/www.omediaparis.com\/fr\/wp-json\/wp\/v2\/users\/1"}],"replies":[{"embeddable":true,"href":"https:\/\/www.omediaparis.com\/fr\/wp-json\/wp\/v2\/comments?post=1310"}],"version-history":[{"count":48,"href":"https:\/\/www.omediaparis.com\/fr\/wp-json\/wp\/v2\/pages\/1310\/revisions"}],"predecessor-version":[{"id":5182,"href":"https:\/\/www.omediaparis.com\/fr\/wp-json\/wp\/v2\/pages\/1310\/revisions\/5182"}],"wp:attachment":[{"href":"https:\/\/www.omediaparis.com\/fr\/wp-json\/wp\/v2\/media?parent=1310"}],"curies":[{"name":"wp","href":"https:\/\/api.w.org\/{rel}","templated":true}]}}