{"id":1269,"date":"2024-04-04T00:49:27","date_gmt":"2024-04-03T22:49:27","guid":{"rendered":"https:\/\/www.omediaparis.com\/?page_id=1269"},"modified":"2024-11-21T14:46:23","modified_gmt":"2024-11-21T13:46:23","slug":"strategie-de-marque","status":"publish","type":"page","link":"https:\/\/www.omediaparis.com\/fr\/strategie-de-marque\/","title":{"rendered":"Strat\u00e9gie de Marque"},"content":{"rendered":"\t\t<div data-elementor-type=\"wp-page\" data-elementor-id=\"1269\" class=\"elementor elementor-1269\" data-elementor-post-type=\"page\">\n\t\t\t\t<div class=\"elementor-element elementor-element-f229258 e-con-full e-flex e-con e-parent\" data-id=\"f229258\" data-element_type=\"container\" data-settings=\"{&quot;background_background&quot;:&quot;classic&quot;}\">\n\t\t<div class=\"elementor-element elementor-element-e519184 e-flex e-con-boxed e-con e-child\" data-id=\"e519184\" data-element_type=\"container\">\n\t\t\t\t\t<div class=\"e-con-inner\">\n\t\t\t\t<div class=\"elementor-element elementor-element-16579bb elementor-widget elementor-widget-heading\" data-id=\"16579bb\" data-element_type=\"widget\" data-widget_type=\"heading.default\">\n\t\t\t\t<div class=\"elementor-widget-container\">\n\t\t\t\t\t<h1 class=\"elementor-heading-title elementor-size-default\">Conseil en strat\u00e9gie de marque<\/h1>\t\t\t\t<\/div>\n\t\t\t\t<\/div>\n\t\t\t\t<div class=\"elementor-element elementor-element-921d992 elementor-widget-divider--view-line elementor-widget elementor-widget-divider\" data-id=\"921d992\" data-element_type=\"widget\" data-widget_type=\"divider.default\">\n\t\t\t\t<div class=\"elementor-widget-container\">\n\t\t\t\t\t\t\t<div class=\"elementor-divider\">\n\t\t\t<span class=\"elementor-divider-separator\">\n\t\t\t\t\t\t<\/span>\n\t\t<\/div>\n\t\t\t\t\t\t<\/div>\n\t\t\t\t<\/div>\n\t\t\t\t<div class=\"elementor-element elementor-element-a723121 elementor-widget elementor-widget-text-editor\" data-id=\"a723121\" data-element_type=\"widget\" data-widget_type=\"text-editor.default\">\n\t\t\t\t<div class=\"elementor-widget-container\">\n\t\t\t\t\t\t\t\t\t<p>PLATEFORME DE MARQUE, TERRITOIRE D\u2019EXPRESSION, DIRECTION ARTISTIQUE<\/p>\t\t\t\t\t\t\t\t<\/div>\n\t\t\t\t<\/div>\n\t\t\t\t\t<\/div>\n\t\t\t\t<\/div>\n\t\t\t\t<\/div>\n\t\t<div class=\"elementor-element elementor-element-5a51885 e-flex e-con-boxed e-con e-parent\" data-id=\"5a51885\" data-element_type=\"container\">\n\t\t\t\t\t<div class=\"e-con-inner\">\n\t\t<div class=\"elementor-element elementor-element-2fd4878 e-con-full e-flex e-con e-child\" data-id=\"2fd4878\" data-element_type=\"container\">\n\t\t\t\t<div class=\"elementor-element elementor-element-b765475 elementor-widget elementor-widget-text-editor\" data-id=\"b765475\" data-element_type=\"widget\" data-widget_type=\"text-editor.default\">\n\t\t\t\t<div class=\"elementor-widget-container\">\n\t\t\t\t\t\t\t\t\t<p><em>Strat\u00e9gie de marque &#8211; Art de faire grandir et \u00e9voluer la marque. Ensemble d&rsquo;actions coordonn\u00e9es pour orchestrer son image et sa notori\u00e9t\u00e9 autour d&rsquo;un concept phare, qui mettra en lumi\u00e8re ses valeurs et la rendra intemporelle.\u00a0<\/em><\/p><p>\u00a0<\/p><p>Notre m\u00e9tier: donner vie \u00e0 votre histoire de marque et \u00e0 votre savoir-faire en alliant beaut\u00e9, audace et pertinence de l&rsquo;id\u00e9e.<\/p><h2><b>Du positionnement de marque au brand statement<\/b><\/h2><p>Omedia Paris d\u00e9crypte l&rsquo;h\u00e9ritage et l&rsquo;essence de votre marque. Notre mission: mettre en lumi\u00e8re ses forces, ses valeurs, sa raison d&rsquo;\u00eatre. Consolider les piliers structurants de son identit\u00e9.<\/p><p>De l&rsquo;analyse de son ADN, nous imaginerons les leviers \u00e0 actionner pour cr\u00e9er une <strong>connexion \u00e9motionnelle<\/strong> profonde avec une client\u00e8le exigeante. Stimuler son <strong>imaginaire<\/strong>. Ouvrir une nouvelle porte de sa r\u00e9alit\u00e9.<\/p><h2><span style=\"font-size: inherit; text-align: var(--text-align); color: var(--uicore-typography--p-c,'#070707'); font-style: var(--uicore-typography--p-st,'normal'); letter-spacing: var(--uicore-typography--p-ls,'-0.027em'); text-transform: var(--uicore-typography--p-t,'none');\"><b>Fa\u00e7onner l&rsquo;aura des marques d&rsquo;exception\u00a0<\/b><\/span><\/h2><p>Nous cr\u00e9erons un <strong>concept<\/strong>, fort, diff\u00e9renciant et novateur. Le fil rouge d&rsquo;une strat\u00e9gie de marque cr\u00e9ative et efficace, qui donnera toute sa <strong>r\u00e9sonance<\/strong> \u00e0 son <strong><em>storytelling<\/em><\/strong>.<\/p><p>Du planning strat\u00e9gique \u00e0 la plateforme de marque, il se d\u00e9clinera en prises de parole, creative guidelines, brand book, actions. En un tout puissant et coh\u00e9rent. La strat\u00e9gie de marque deviendra mode d&rsquo;expression.<\/p><p>Au coeur du luxe, aux fronti\u00e8res de l&rsquo;art, nous explorerons de nouveaux territoires. Pour <strong>valoriser la singularit\u00e9 de votre marque<\/strong>. Transformer sa brillance en \u00e9clat. Et la rendre <a href=\"https:\/\/www.omediaparis.com\/fr\/le-desir-deternite-pourquoi-cet-enjeu-de-desirabilite-dans-le-luxe\/\"><u>intemporelle<\/u><\/a>.<\/p><p><a href=\"https:\/\/www.omediaparis.com\/fr\/\"><u>Nos m\u00e9tiers<\/u><\/a><\/p>\t\t\t\t\t\t\t\t<\/div>\n\t\t\t\t<\/div>\n\t\t\t\t<div class=\"elementor-element elementor-element-d99d864 elementor-widget elementor-widget-text-editor\" data-id=\"d99d864\" data-element_type=\"widget\" data-widget_type=\"text-editor.default\">\n\t\t\t\t<div class=\"elementor-widget-container\">\n\t\t\t\t\t\t\t\t\t<p><strong>#luxurybrand #creativeagency<\/strong><\/p>\t\t\t\t\t\t\t\t<\/div>\n\t\t\t\t<\/div>\n\t\t\t\t<\/div>\n\t\t<div class=\"elementor-element elementor-element-f9fa5a2 e-con-full e-flex e-con e-child\" data-id=\"f9fa5a2\" data-element_type=\"container\">\n\t\t\t\t<div class=\"elementor-element elementor-element-bfbb648 elementor-widget elementor-widget-text-editor\" data-id=\"bfbb648\" data-element_type=\"widget\" data-widget_type=\"text-editor.default\">\n\t\t\t\t<div class=\"elementor-widget-container\">\n\t\t\t\t\t\t\t\t\t<p><strong>CONSEIL ET PLANNING STRAT\u00c9GIQUE<\/strong> Audit et analyse, conseil et recommandation, strat\u00e9gie de marque<\/p><p><strong>PLATEFORME DE MARQUE<\/strong> Strat\u00e9gie et univers de marque, ADN, valeurs, vision, essence de marque, brand book, creative guidelines, identit\u00e9 visuelle<\/p><p><strong>MANIFESTE<\/strong> Territoire d\u2019expression, copywriting, s\u00e9mantique, brand statement<\/p>\t\t\t\t\t\t\t\t<\/div>\n\t\t\t\t<\/div>\n\t\t\t\t<\/div>\n\t\t\t\t\t<\/div>\n\t\t\t\t<\/div>\n\t\t<div class=\"elementor-element elementor-element-341e4fa e-flex e-con-boxed e-con e-parent\" data-id=\"341e4fa\" data-element_type=\"container\">\n\t\t\t\t\t<div class=\"e-con-inner\">\n\t\t\t\t<div class=\"elementor-element elementor-element-0d23829 elementor-hidden-mobile elementor-widget elementor-widget-image\" data-id=\"0d23829\" data-element_type=\"widget\" data-widget_type=\"image.default\">\n\t\t\t\t<div class=\"elementor-widget-container\">\n\t\t\t\t\t\t\t\t\t\t\t\t\t\t\t<img fetchpriority=\"high\" decoding=\"async\" width=\"2560\" height=\"1440\" src=\"https:\/\/www.omediaparis.com\/wp-content\/uploads\/2024\/04\/omedia-experises-strategie-de-marque-partenaires.jpg\" class=\"attachment-full size-full wp-image-1296\" alt=\"\" srcset=\"https:\/\/www.omediaparis.com\/wp-content\/uploads\/2024\/04\/omedia-experises-strategie-de-marque-partenaires.jpg 2560w, https:\/\/www.omediaparis.com\/wp-content\/uploads\/2024\/04\/omedia-experises-strategie-de-marque-partenaires-300x169.jpg 300w, https:\/\/www.omediaparis.com\/wp-content\/uploads\/2024\/04\/omedia-experises-strategie-de-marque-partenaires-1024x576.jpg 1024w, https:\/\/www.omediaparis.com\/wp-content\/uploads\/2024\/04\/omedia-experises-strategie-de-marque-partenaires-768x432.jpg 768w, https:\/\/www.omediaparis.com\/wp-content\/uploads\/2024\/04\/omedia-experises-strategie-de-marque-partenaires-1536x864.jpg 1536w, https:\/\/www.omediaparis.com\/wp-content\/uploads\/2024\/04\/omedia-experises-strategie-de-marque-partenaires-2048x1152.jpg 2048w, https:\/\/www.omediaparis.com\/wp-content\/uploads\/2024\/04\/omedia-experises-strategie-de-marque-partenaires-650x366.jpg 650w\" sizes=\"(max-width: 2560px) 100vw, 2560px\" \/>\t\t\t\t\t\t\t\t\t\t\t\t\t\t\t<\/div>\n\t\t\t\t<\/div>\n\t\t\t\t\t<\/div>\n\t\t\t\t<\/div>\n\t\t\t\t<\/div>\n\t\t","protected":false},"excerpt":{"rendered":"<p>Conseil en strat\u00e9gie de marque PLATEFORME DE MARQUE, TERRITOIRE D\u2019EXPRESSION, DIRECTION ARTISTIQUE Strat\u00e9gie de marque &#8211; Art de faire grandir et \u00e9voluer [&hellip;]<\/p>\n","protected":false},"author":1,"featured_media":0,"parent":0,"menu_order":0,"comment_status":"closed","ping_status":"closed","template":"elementor_header_footer","meta":{"footnotes":""},"class_list":["post-1269","page","type-page","status-publish","hentry"],"yoast_head":"<!-- This site is optimized with the Yoast SEO plugin v27.4 - https:\/\/yoast.com\/product\/yoast-seo-wordpress\/ -->\n<title>Conseil en strat\u00e9gie de marque pour l&#039;univers du luxe | Agence OMEDIA Paris<\/title>\n<meta name=\"description\" content=\"Choisir les mots qui vous ressemblent, donner un visage \u00e0 votre histoire et \u00e0 votre savoir-faire sont notre priorit\u00e9. D\u00e9couvrez notre service en strat\u00e9gie de marque ici.\" \/>\n<meta name=\"robots\" content=\"index, follow, max-snippet:-1, max-image-preview:large, max-video-preview:-1\" \/>\n<link rel=\"canonical\" href=\"https:\/\/www.omediaparis.com\/fr\/strategie-de-marque\/\" \/>\n<meta property=\"og:locale\" content=\"fr_FR\" \/>\n<meta property=\"og:type\" content=\"article\" \/>\n<meta property=\"og:title\" content=\"Conseil en strat\u00e9gie de marque pour l&#039;univers du luxe | Agence OMEDIA Paris\" \/>\n<meta property=\"og:description\" content=\"Choisir les mots qui vous ressemblent, donner un visage \u00e0 votre histoire et \u00e0 votre savoir-faire sont notre priorit\u00e9. D\u00e9couvrez notre service en strat\u00e9gie de marque ici.\" \/>\n<meta property=\"og:url\" content=\"https:\/\/www.omediaparis.com\/fr\/strategie-de-marque\/\" \/>\n<meta property=\"og:site_name\" content=\"OMEDIA PARIS\" \/>\n<meta property=\"article:modified_time\" content=\"2024-11-21T13:46:23+00:00\" \/>\n<meta property=\"og:image\" content=\"https:\/\/www.omediaparis.com\/wp-content\/uploads\/2024\/04\/omedia-experises-strategie-de-marque-partenaires.jpg\" \/>\n\t<meta property=\"og:image:width\" content=\"2560\" \/>\n\t<meta property=\"og:image:height\" content=\"1440\" \/>\n\t<meta property=\"og:image:type\" content=\"image\/jpeg\" \/>\n<meta name=\"twitter:card\" content=\"summary_large_image\" \/>\n<meta name=\"twitter:label1\" content=\"Dur\u00e9e de lecture estim\u00e9e\" \/>\n\t<meta name=\"twitter:data1\" content=\"2 minutes\" \/>\n<script type=\"application\/ld+json\" class=\"yoast-schema-graph\">{\"@context\":\"https:\\\/\\\/schema.org\",\"@graph\":[{\"@type\":\"WebPage\",\"@id\":\"https:\\\/\\\/www.omediaparis.com\\\/fr\\\/strategie-de-marque\\\/\",\"url\":\"https:\\\/\\\/www.omediaparis.com\\\/fr\\\/strategie-de-marque\\\/\",\"name\":\"Conseil en strat\u00e9gie de marque pour l'univers du luxe | Agence OMEDIA Paris\",\"isPartOf\":{\"@id\":\"https:\\\/\\\/www.omediaparis.com\\\/fr\\\/#website\"},\"primaryImageOfPage\":{\"@id\":\"https:\\\/\\\/www.omediaparis.com\\\/fr\\\/strategie-de-marque\\\/#primaryimage\"},\"image\":{\"@id\":\"https:\\\/\\\/www.omediaparis.com\\\/fr\\\/strategie-de-marque\\\/#primaryimage\"},\"thumbnailUrl\":\"https:\\\/\\\/www.omediaparis.com\\\/wp-content\\\/uploads\\\/2024\\\/04\\\/omedia-experises-strategie-de-marque-partenaires.jpg\",\"datePublished\":\"2024-04-03T22:49:27+00:00\",\"dateModified\":\"2024-11-21T13:46:23+00:00\",\"description\":\"Choisir les mots qui vous ressemblent, donner un visage \u00e0 votre histoire et \u00e0 votre savoir-faire sont notre priorit\u00e9. D\u00e9couvrez notre service en strat\u00e9gie de marque ici.\",\"breadcrumb\":{\"@id\":\"https:\\\/\\\/www.omediaparis.com\\\/fr\\\/strategie-de-marque\\\/#breadcrumb\"},\"inLanguage\":\"fr-FR\",\"potentialAction\":[{\"@type\":\"ReadAction\",\"target\":[\"https:\\\/\\\/www.omediaparis.com\\\/fr\\\/strategie-de-marque\\\/\"]}]},{\"@type\":\"ImageObject\",\"inLanguage\":\"fr-FR\",\"@id\":\"https:\\\/\\\/www.omediaparis.com\\\/fr\\\/strategie-de-marque\\\/#primaryimage\",\"url\":\"https:\\\/\\\/www.omediaparis.com\\\/wp-content\\\/uploads\\\/2024\\\/04\\\/omedia-experises-strategie-de-marque-partenaires.jpg\",\"contentUrl\":\"https:\\\/\\\/www.omediaparis.com\\\/wp-content\\\/uploads\\\/2024\\\/04\\\/omedia-experises-strategie-de-marque-partenaires.jpg\"},{\"@type\":\"BreadcrumbList\",\"@id\":\"https:\\\/\\\/www.omediaparis.com\\\/fr\\\/strategie-de-marque\\\/#breadcrumb\",\"itemListElement\":[{\"@type\":\"ListItem\",\"position\":1,\"name\":\"Accueil\",\"item\":\"https:\\\/\\\/www.omediaparis.com\\\/fr\\\/\"},{\"@type\":\"ListItem\",\"position\":2,\"name\":\"Strat\u00e9gie de Marque\"}]},{\"@type\":\"WebSite\",\"@id\":\"https:\\\/\\\/www.omediaparis.com\\\/fr\\\/#website\",\"url\":\"https:\\\/\\\/www.omediaparis.com\\\/fr\\\/\",\"name\":\"OMEDIA PARIS\",\"description\":\"Agence de Communication Luxe\",\"publisher\":{\"@id\":\"https:\\\/\\\/www.omediaparis.com\\\/fr\\\/#organization\"},\"potentialAction\":[{\"@type\":\"SearchAction\",\"target\":{\"@type\":\"EntryPoint\",\"urlTemplate\":\"https:\\\/\\\/www.omediaparis.com\\\/fr\\\/?s={search_term_string}\"},\"query-input\":{\"@type\":\"PropertyValueSpecification\",\"valueRequired\":true,\"valueName\":\"search_term_string\"}}],\"inLanguage\":\"fr-FR\"},{\"@type\":\"Organization\",\"@id\":\"https:\\\/\\\/www.omediaparis.com\\\/fr\\\/#organization\",\"name\":\"OMEDIA\",\"url\":\"https:\\\/\\\/www.omediaparis.com\\\/fr\\\/\",\"logo\":{\"@type\":\"ImageObject\",\"inLanguage\":\"fr-FR\",\"@id\":\"https:\\\/\\\/www.omediaparis.com\\\/fr\\\/#\\\/schema\\\/logo\\\/image\\\/\",\"url\":\"https:\\\/\\\/www.omediaparis.com\\\/wp-content\\\/uploads\\\/2024\\\/03\\\/logo-omedia.png\",\"contentUrl\":\"https:\\\/\\\/www.omediaparis.com\\\/wp-content\\\/uploads\\\/2024\\\/03\\\/logo-omedia.png\",\"width\":828,\"height\":220,\"caption\":\"OMEDIA\"},\"image\":{\"@id\":\"https:\\\/\\\/www.omediaparis.com\\\/fr\\\/#\\\/schema\\\/logo\\\/image\\\/\"},\"sameAs\":[\"https:\\\/\\\/www.instagram.com\\\/omediaparis\\\/\",\"https:\\\/\\\/www.linkedin.com\\\/company\\\/omedia\\\/\"]}]}<\/script>\n<!-- \/ Yoast SEO plugin. -->","yoast_head_json":{"title":"Conseil en strat\u00e9gie de marque pour l'univers du luxe | Agence OMEDIA Paris","description":"Choisir les mots qui vous ressemblent, donner un visage \u00e0 votre histoire et \u00e0 votre savoir-faire sont notre priorit\u00e9. D\u00e9couvrez notre service en strat\u00e9gie de marque ici.","robots":{"index":"index","follow":"follow","max-snippet":"max-snippet:-1","max-image-preview":"max-image-preview:large","max-video-preview":"max-video-preview:-1"},"canonical":"https:\/\/www.omediaparis.com\/fr\/strategie-de-marque\/","og_locale":"fr_FR","og_type":"article","og_title":"Conseil en strat\u00e9gie de marque pour l'univers du luxe | Agence OMEDIA Paris","og_description":"Choisir les mots qui vous ressemblent, donner un visage \u00e0 votre histoire et \u00e0 votre savoir-faire sont notre priorit\u00e9. D\u00e9couvrez notre service en strat\u00e9gie de marque ici.","og_url":"https:\/\/www.omediaparis.com\/fr\/strategie-de-marque\/","og_site_name":"OMEDIA PARIS","article_modified_time":"2024-11-21T13:46:23+00:00","og_image":[{"width":2560,"height":1440,"url":"https:\/\/www.omediaparis.com\/wp-content\/uploads\/2024\/04\/omedia-experises-strategie-de-marque-partenaires.jpg","type":"image\/jpeg"}],"twitter_card":"summary_large_image","twitter_misc":{"Dur\u00e9e de lecture estim\u00e9e":"2 minutes"},"schema":{"@context":"https:\/\/schema.org","@graph":[{"@type":"WebPage","@id":"https:\/\/www.omediaparis.com\/fr\/strategie-de-marque\/","url":"https:\/\/www.omediaparis.com\/fr\/strategie-de-marque\/","name":"Conseil en strat\u00e9gie de marque pour l'univers du luxe | Agence OMEDIA Paris","isPartOf":{"@id":"https:\/\/www.omediaparis.com\/fr\/#website"},"primaryImageOfPage":{"@id":"https:\/\/www.omediaparis.com\/fr\/strategie-de-marque\/#primaryimage"},"image":{"@id":"https:\/\/www.omediaparis.com\/fr\/strategie-de-marque\/#primaryimage"},"thumbnailUrl":"https:\/\/www.omediaparis.com\/wp-content\/uploads\/2024\/04\/omedia-experises-strategie-de-marque-partenaires.jpg","datePublished":"2024-04-03T22:49:27+00:00","dateModified":"2024-11-21T13:46:23+00:00","description":"Choisir les mots qui vous ressemblent, donner un visage \u00e0 votre histoire et \u00e0 votre savoir-faire sont notre priorit\u00e9. D\u00e9couvrez notre service en strat\u00e9gie de marque ici.","breadcrumb":{"@id":"https:\/\/www.omediaparis.com\/fr\/strategie-de-marque\/#breadcrumb"},"inLanguage":"fr-FR","potentialAction":[{"@type":"ReadAction","target":["https:\/\/www.omediaparis.com\/fr\/strategie-de-marque\/"]}]},{"@type":"ImageObject","inLanguage":"fr-FR","@id":"https:\/\/www.omediaparis.com\/fr\/strategie-de-marque\/#primaryimage","url":"https:\/\/www.omediaparis.com\/wp-content\/uploads\/2024\/04\/omedia-experises-strategie-de-marque-partenaires.jpg","contentUrl":"https:\/\/www.omediaparis.com\/wp-content\/uploads\/2024\/04\/omedia-experises-strategie-de-marque-partenaires.jpg"},{"@type":"BreadcrumbList","@id":"https:\/\/www.omediaparis.com\/fr\/strategie-de-marque\/#breadcrumb","itemListElement":[{"@type":"ListItem","position":1,"name":"Accueil","item":"https:\/\/www.omediaparis.com\/fr\/"},{"@type":"ListItem","position":2,"name":"Strat\u00e9gie de Marque"}]},{"@type":"WebSite","@id":"https:\/\/www.omediaparis.com\/fr\/#website","url":"https:\/\/www.omediaparis.com\/fr\/","name":"OMEDIA PARIS","description":"Agence de Communication Luxe","publisher":{"@id":"https:\/\/www.omediaparis.com\/fr\/#organization"},"potentialAction":[{"@type":"SearchAction","target":{"@type":"EntryPoint","urlTemplate":"https:\/\/www.omediaparis.com\/fr\/?s={search_term_string}"},"query-input":{"@type":"PropertyValueSpecification","valueRequired":true,"valueName":"search_term_string"}}],"inLanguage":"fr-FR"},{"@type":"Organization","@id":"https:\/\/www.omediaparis.com\/fr\/#organization","name":"OMEDIA","url":"https:\/\/www.omediaparis.com\/fr\/","logo":{"@type":"ImageObject","inLanguage":"fr-FR","@id":"https:\/\/www.omediaparis.com\/fr\/#\/schema\/logo\/image\/","url":"https:\/\/www.omediaparis.com\/wp-content\/uploads\/2024\/03\/logo-omedia.png","contentUrl":"https:\/\/www.omediaparis.com\/wp-content\/uploads\/2024\/03\/logo-omedia.png","width":828,"height":220,"caption":"OMEDIA"},"image":{"@id":"https:\/\/www.omediaparis.com\/fr\/#\/schema\/logo\/image\/"},"sameAs":["https:\/\/www.instagram.com\/omediaparis\/","https:\/\/www.linkedin.com\/company\/omedia\/"]}]}},"_links":{"self":[{"href":"https:\/\/www.omediaparis.com\/fr\/wp-json\/wp\/v2\/pages\/1269","targetHints":{"allow":["GET"]}}],"collection":[{"href":"https:\/\/www.omediaparis.com\/fr\/wp-json\/wp\/v2\/pages"}],"about":[{"href":"https:\/\/www.omediaparis.com\/fr\/wp-json\/wp\/v2\/types\/page"}],"author":[{"embeddable":true,"href":"https:\/\/www.omediaparis.com\/fr\/wp-json\/wp\/v2\/users\/1"}],"replies":[{"embeddable":true,"href":"https:\/\/www.omediaparis.com\/fr\/wp-json\/wp\/v2\/comments?post=1269"}],"version-history":[{"count":18,"href":"https:\/\/www.omediaparis.com\/fr\/wp-json\/wp\/v2\/pages\/1269\/revisions"}],"predecessor-version":[{"id":5218,"href":"https:\/\/www.omediaparis.com\/fr\/wp-json\/wp\/v2\/pages\/1269\/revisions\/5218"}],"wp:attachment":[{"href":"https:\/\/www.omediaparis.com\/fr\/wp-json\/wp\/v2\/media?parent=1269"}],"curies":[{"name":"wp","href":"https:\/\/api.w.org\/{rel}","templated":true}]}}