{"id":1017,"date":"2024-03-25T08:33:46","date_gmt":"2024-03-25T07:33:46","guid":{"rendered":"https:\/\/www.omediaparis.com\/?page_id=1017"},"modified":"2024-11-13T13:53:09","modified_gmt":"2024-11-13T12:53:09","slug":"talents","status":"publish","type":"page","link":"https:\/\/www.omediaparis.com\/fr\/talents\/","title":{"rendered":"Talents"},"content":{"rendered":"\t\t<div data-elementor-type=\"wp-page\" data-elementor-id=\"1017\" class=\"elementor elementor-1017\" data-elementor-post-type=\"page\">\n\t\t\t\t<div class=\"elementor-element elementor-element-f229258 e-flex e-con-boxed e-con e-parent\" data-id=\"f229258\" data-element_type=\"container\">\n\t\t\t\t\t<div class=\"e-con-inner\">\n\t\t\t\t<div class=\"elementor-element elementor-element-046eb38 elementor-widget elementor-widget-heading\" data-id=\"046eb38\" data-element_type=\"widget\" data-settings=\"{&quot;motion_fx_motion_fx_scrolling&quot;:&quot;yes&quot;,&quot;motion_fx_translateY_effect&quot;:&quot;yes&quot;,&quot;motion_fx_translateY_affectedRange&quot;:{&quot;unit&quot;:&quot;%&quot;,&quot;size&quot;:&quot;&quot;,&quot;sizes&quot;:{&quot;start&quot;:0,&quot;end&quot;:50}},&quot;motion_fx_translateY_speed&quot;:{&quot;unit&quot;:&quot;px&quot;,&quot;size&quot;:4,&quot;sizes&quot;:[]},&quot;motion_fx_devices&quot;:[&quot;desktop&quot;,&quot;tablet&quot;,&quot;mobile&quot;]}\" data-widget_type=\"heading.default\">\n\t\t\t\t<div class=\"elementor-widget-container\">\n\t\t\t\t\t<h2 class=\"elementor-heading-title elementor-size-default\">Talents<\/h2>\t\t\t\t<\/div>\n\t\t\t\t<\/div>\n\t\t\t\t<div class=\"elementor-element elementor-element-d37ec42 elementor-widget-divider--view-line elementor-widget elementor-widget-divider\" data-id=\"d37ec42\" data-element_type=\"widget\" data-widget_type=\"divider.default\">\n\t\t\t\t<div class=\"elementor-widget-container\">\n\t\t\t\t\t\t\t<div class=\"elementor-divider\">\n\t\t\t<span class=\"elementor-divider-separator\">\n\t\t\t\t\t\t<\/span>\n\t\t<\/div>\n\t\t\t\t\t\t<\/div>\n\t\t\t\t<\/div>\n\t\t\t\t<div class=\"elementor-element elementor-element-2f1fb1f elementor-widget elementor-widget-text-editor\" data-id=\"2f1fb1f\" data-element_type=\"widget\" data-widget_type=\"text-editor.default\">\n\t\t\t\t<div class=\"elementor-widget-container\">\n\t\t\t\t\t\t\t\t\t<p>Inspirants, cr\u00e9atifs et penseurs audacieux. Nous recherchons des personnes qui sauront d\u00e9fier, inspirer et \u00e9lever. Si vous \u00eates naturellement curieux, que vous excellez dans la collaboration et que vous pouvez r\u00e9duire la complexit\u00e9 \u00e0 sa plus simple expression, alors nous aimerions vous conna\u00eetre.<\/p>\t\t\t\t\t\t\t\t<\/div>\n\t\t\t\t<\/div>\n\t\t\t\t<div class=\"elementor-element elementor-element-c37e3fb elementor-widget elementor-widget-image\" data-id=\"c37e3fb\" data-element_type=\"widget\" data-widget_type=\"image.default\">\n\t\t\t\t<div class=\"elementor-widget-container\">\n\t\t\t\t\t\t\t\t\t\t\t\t\t\t\t<img fetchpriority=\"high\" decoding=\"async\" width=\"2372\" height=\"1322\" src=\"https:\/\/www.omediaparis.com\/wp-content\/uploads\/2024\/07\/omedia-talents-01.jpg\" class=\"attachment-full size-full wp-image-4453\" alt=\"\" srcset=\"https:\/\/www.omediaparis.com\/wp-content\/uploads\/2024\/07\/omedia-talents-01.jpg 2372w, https:\/\/www.omediaparis.com\/wp-content\/uploads\/2024\/07\/omedia-talents-01-300x167.jpg 300w, https:\/\/www.omediaparis.com\/wp-content\/uploads\/2024\/07\/omedia-talents-01-1024x571.jpg 1024w, https:\/\/www.omediaparis.com\/wp-content\/uploads\/2024\/07\/omedia-talents-01-768x428.jpg 768w, https:\/\/www.omediaparis.com\/wp-content\/uploads\/2024\/07\/omedia-talents-01-1536x856.jpg 1536w, https:\/\/www.omediaparis.com\/wp-content\/uploads\/2024\/07\/omedia-talents-01-2048x1141.jpg 2048w, https:\/\/www.omediaparis.com\/wp-content\/uploads\/2024\/07\/omedia-talents-01-650x362.jpg 650w\" sizes=\"(max-width: 2372px) 100vw, 2372px\" \/>\t\t\t\t\t\t\t\t\t\t\t\t\t\t\t<\/div>\n\t\t\t\t<\/div>\n\t\t\t\t<div class=\"elementor-element elementor-element-0aba7ba elementor-widget elementor-widget-text-editor\" data-id=\"0aba7ba\" data-element_type=\"widget\" data-widget_type=\"text-editor.default\">\n\t\t\t\t<div class=\"elementor-widget-container\">\n\t\t\t\t\t\t\t\t\t<p>Omedia est une agence de conseil en communication ind\u00e9pendante d\u00e9di\u00e9e aux maisons de luxe depuis 20 ans. Nous pensons les marques et les accompagnons dans la construction d\u2019une identit\u00e9 singuli\u00e8re et unique au c\u0153ur de leur strat\u00e9gie. Dans un univers d\u2019experts et multiculturel, talents et personnalit\u00e9s de tous horizons s\u2019y c\u00f4toient dans le respect de leurs singularit\u00e9s. Notre agence int\u00e8gre tous les m\u00e9tiers de la communication\u00a0: Conseil, strat\u00e9gie de marque, image, brand content, digital, social media, influence et \u00e9dition.<\/p>\t\t\t\t\t\t\t\t<\/div>\n\t\t\t\t<\/div>\n\t\t\t\t<div class=\"elementor-element elementor-element-4a3a6f4 elementor-widget elementor-widget-button\" data-id=\"4a3a6f4\" data-element_type=\"widget\" data-widget_type=\"button.default\">\n\t\t\t\t<div class=\"elementor-widget-container\">\n\t\t\t\t\t\t\t\t\t<div class=\"elementor-button-wrapper\">\n\t\t\t\t\t<a class=\"elementor-button elementor-button-link elementor-size-sm\" href=\"mailto:contact@omedia.fr?subject=Candidature%20spontan\u00e9e%20-%20Omedia\">\n\t\t\t\t\t\t<span class=\"elementor-button-content-wrapper\">\n\t\t\t\t\t\t\t\t\t<span class=\"elementor-button-text\">NOUS REJOINDRE<\/span>\n\t\t\t\t\t<\/span>\n\t\t\t\t\t<\/a>\n\t\t\t\t<\/div>\n\t\t\t\t\t\t\t\t<\/div>\n\t\t\t\t<\/div>\n\t\t\t\t<div class=\"elementor-element elementor-element-c33f83f elementor-widget-divider--view-line elementor-widget elementor-widget-divider\" data-id=\"c33f83f\" data-element_type=\"widget\" data-widget_type=\"divider.default\">\n\t\t\t\t<div class=\"elementor-widget-container\">\n\t\t\t\t\t\t\t<div class=\"elementor-divider\">\n\t\t\t<span class=\"elementor-divider-separator\">\n\t\t\t\t\t\t<\/span>\n\t\t<\/div>\n\t\t\t\t\t\t<\/div>\n\t\t\t\t<\/div>\n\t\t\t\t<div class=\"elementor-element elementor-element-1adbf4e elementor-widget elementor-widget-text-editor\" data-id=\"1adbf4e\" data-element_type=\"widget\" data-widget_type=\"text-editor.default\">\n\t\t\t\t<div class=\"elementor-widget-container\">\n\t\t\t\t\t\t\t\t\t<p>CANDIDATURE SPONTAN\u00c9E<\/p>\t\t\t\t\t\t\t\t<\/div>\n\t\t\t\t<\/div>\n\t\t\t\t<div class=\"elementor-element elementor-element-a4baa80 elementor-widget elementor-widget-text-editor\" data-id=\"a4baa80\" data-element_type=\"widget\" data-widget_type=\"text-editor.default\">\n\t\t\t\t<div class=\"elementor-widget-container\">\n\t\t\t\t\t\t\t\t\t<p>Omedia est toujours \u00e0 la recherche de nouveaux talents.\u00a0<br \/>Faites-nous d\u00e9couvrir le v\u00f4tre en partageant votre profil avec nous.<\/p>\t\t\t\t\t\t\t\t<\/div>\n\t\t\t\t<\/div>\n\t\t\t\t<div class=\"elementor-element elementor-element-8d395b3 elementor-widget elementor-widget-button\" data-id=\"8d395b3\" data-element_type=\"widget\" data-widget_type=\"button.default\">\n\t\t\t\t<div class=\"elementor-widget-container\">\n\t\t\t\t\t\t\t\t\t<div class=\"elementor-button-wrapper\">\n\t\t\t\t\t<a class=\"elementor-button elementor-button-link elementor-size-sm\" href=\"mailto:contact@omedia.fr?subject=Candidature%20spontan\u00e9e%20-%20Omedia\">\n\t\t\t\t\t\t<span class=\"elementor-button-content-wrapper\">\n\t\t\t\t\t\t\t\t\t<span class=\"elementor-button-text\">POSTULER<\/span>\n\t\t\t\t\t<\/span>\n\t\t\t\t\t<\/a>\n\t\t\t\t<\/div>\n\t\t\t\t\t\t\t\t<\/div>\n\t\t\t\t<\/div>\n\t\t\t\t\t<\/div>\n\t\t\t\t<\/div>\n\t\t\t\t<\/div>\n\t\t","protected":false},"excerpt":{"rendered":"<p>Talents Inspirants, cr\u00e9atifs et penseurs audacieux. Nous recherchons des personnes qui sauront d\u00e9fier, inspirer et \u00e9lever. Si vous \u00eates naturellement curieux, que [&hellip;]<\/p>\n","protected":false},"author":1,"featured_media":0,"parent":0,"menu_order":0,"comment_status":"closed","ping_status":"closed","template":"elementor_header_footer","meta":{"footnotes":""},"class_list":["post-1017","page","type-page","status-publish","hentry"],"yoast_head":"<!-- This site is optimized with the Yoast SEO plugin v26.5 - https:\/\/yoast.com\/wordpress\/plugins\/seo\/ -->\n<title>Rejoignez l&#039;\u00e9quipe de cr\u00e9ation des experts du luxe I OMEDIA PARIS<\/title>\n<meta name=\"description\" content=\"L&#039;agence de publicit\u00e9 Omedia Paris recrute : graphiste, DA, webdesigner, d\u00e9veloppeur... Trouvez votre emploi parmi les offres propos\u00e9es (Stages, CDI, CDD)\" \/>\n<meta name=\"robots\" content=\"index, follow, max-snippet:-1, max-image-preview:large, max-video-preview:-1\" \/>\n<link rel=\"canonical\" href=\"https:\/\/www.omediaparis.com\/fr\/talents\/\" \/>\n<meta property=\"og:locale\" content=\"fr_FR\" \/>\n<meta property=\"og:type\" content=\"article\" \/>\n<meta property=\"og:title\" content=\"Rejoignez l&#039;\u00e9quipe de cr\u00e9ation des experts du luxe I OMEDIA PARIS\" \/>\n<meta property=\"og:description\" content=\"L&#039;agence de publicit\u00e9 Omedia Paris recrute : graphiste, DA, webdesigner, d\u00e9veloppeur... Trouvez votre emploi parmi les offres propos\u00e9es (Stages, CDI, CDD)\" \/>\n<meta property=\"og:url\" content=\"https:\/\/www.omediaparis.com\/fr\/talents\/\" \/>\n<meta property=\"og:site_name\" content=\"OMEDIA PARIS\" \/>\n<meta property=\"article:modified_time\" content=\"2024-11-13T12:53:09+00:00\" \/>\n<meta property=\"og:image\" content=\"https:\/\/www.omediaparis.com\/wp-content\/uploads\/2024\/07\/omedia-talents-01.jpg\" \/>\n\t<meta property=\"og:image:width\" content=\"2372\" \/>\n\t<meta property=\"og:image:height\" content=\"1322\" \/>\n\t<meta property=\"og:image:type\" content=\"image\/jpeg\" \/>\n<meta name=\"twitter:card\" content=\"summary_large_image\" \/>\n<meta name=\"twitter:label1\" content=\"Dur\u00e9e de lecture estim\u00e9e\" \/>\n\t<meta name=\"twitter:data1\" content=\"1 minute\" \/>\n<script type=\"application\/ld+json\" class=\"yoast-schema-graph\">{\"@context\":\"https:\/\/schema.org\",\"@graph\":[{\"@type\":\"WebPage\",\"@id\":\"https:\/\/www.omediaparis.com\/fr\/talents\/\",\"url\":\"https:\/\/www.omediaparis.com\/fr\/talents\/\",\"name\":\"Rejoignez l'\u00e9quipe de cr\u00e9ation des experts du luxe I OMEDIA PARIS\",\"isPartOf\":{\"@id\":\"https:\/\/www.omediaparis.com\/fr\/#website\"},\"primaryImageOfPage\":{\"@id\":\"https:\/\/www.omediaparis.com\/fr\/talents\/#primaryimage\"},\"image\":{\"@id\":\"https:\/\/www.omediaparis.com\/fr\/talents\/#primaryimage\"},\"thumbnailUrl\":\"https:\/\/www.omediaparis.com\/wp-content\/uploads\/2024\/07\/omedia-talents-01.jpg\",\"datePublished\":\"2024-03-25T07:33:46+00:00\",\"dateModified\":\"2024-11-13T12:53:09+00:00\",\"description\":\"L'agence de publicit\u00e9 Omedia Paris recrute : graphiste, DA, webdesigner, d\u00e9veloppeur... Trouvez votre emploi parmi les offres propos\u00e9es (Stages, CDI, CDD)\",\"breadcrumb\":{\"@id\":\"https:\/\/www.omediaparis.com\/fr\/talents\/#breadcrumb\"},\"inLanguage\":\"fr-FR\",\"potentialAction\":[{\"@type\":\"ReadAction\",\"target\":[\"https:\/\/www.omediaparis.com\/fr\/talents\/\"]}]},{\"@type\":\"ImageObject\",\"inLanguage\":\"fr-FR\",\"@id\":\"https:\/\/www.omediaparis.com\/fr\/talents\/#primaryimage\",\"url\":\"https:\/\/www.omediaparis.com\/wp-content\/uploads\/2024\/07\/omedia-talents-01.jpg\",\"contentUrl\":\"https:\/\/www.omediaparis.com\/wp-content\/uploads\/2024\/07\/omedia-talents-01.jpg\"},{\"@type\":\"BreadcrumbList\",\"@id\":\"https:\/\/www.omediaparis.com\/fr\/talents\/#breadcrumb\",\"itemListElement\":[{\"@type\":\"ListItem\",\"position\":1,\"name\":\"Accueil\",\"item\":\"https:\/\/www.omediaparis.com\/fr\/\"},{\"@type\":\"ListItem\",\"position\":2,\"name\":\"Talents\"}]},{\"@type\":\"WebSite\",\"@id\":\"https:\/\/www.omediaparis.com\/fr\/#website\",\"url\":\"https:\/\/www.omediaparis.com\/fr\/\",\"name\":\"OMEDIA PARIS\",\"description\":\"Agence de Communication Luxe\",\"publisher\":{\"@id\":\"https:\/\/www.omediaparis.com\/fr\/#organization\"},\"potentialAction\":[{\"@type\":\"SearchAction\",\"target\":{\"@type\":\"EntryPoint\",\"urlTemplate\":\"https:\/\/www.omediaparis.com\/fr\/?s={search_term_string}\"},\"query-input\":{\"@type\":\"PropertyValueSpecification\",\"valueRequired\":true,\"valueName\":\"search_term_string\"}}],\"inLanguage\":\"fr-FR\"},{\"@type\":\"Organization\",\"@id\":\"https:\/\/www.omediaparis.com\/fr\/#organization\",\"name\":\"OMEDIA\",\"url\":\"https:\/\/www.omediaparis.com\/fr\/\",\"logo\":{\"@type\":\"ImageObject\",\"inLanguage\":\"fr-FR\",\"@id\":\"https:\/\/www.omediaparis.com\/fr\/#\/schema\/logo\/image\/\",\"url\":\"https:\/\/www.omediaparis.com\/wp-content\/uploads\/2024\/03\/logo-omedia.png\",\"contentUrl\":\"https:\/\/www.omediaparis.com\/wp-content\/uploads\/2024\/03\/logo-omedia.png\",\"width\":828,\"height\":220,\"caption\":\"OMEDIA\"},\"image\":{\"@id\":\"https:\/\/www.omediaparis.com\/fr\/#\/schema\/logo\/image\/\"},\"sameAs\":[\"https:\/\/www.instagram.com\/omediaparis\/\",\"https:\/\/www.linkedin.com\/company\/omedia\/\"]}]}<\/script>\n<!-- \/ Yoast SEO plugin. -->","yoast_head_json":{"title":"Rejoignez l'\u00e9quipe de cr\u00e9ation des experts du luxe I OMEDIA PARIS","description":"L'agence de publicit\u00e9 Omedia Paris recrute : graphiste, DA, webdesigner, d\u00e9veloppeur... Trouvez votre emploi parmi les offres propos\u00e9es (Stages, CDI, CDD)","robots":{"index":"index","follow":"follow","max-snippet":"max-snippet:-1","max-image-preview":"max-image-preview:large","max-video-preview":"max-video-preview:-1"},"canonical":"https:\/\/www.omediaparis.com\/fr\/talents\/","og_locale":"fr_FR","og_type":"article","og_title":"Rejoignez l'\u00e9quipe de cr\u00e9ation des experts du luxe I OMEDIA PARIS","og_description":"L'agence de publicit\u00e9 Omedia Paris recrute : graphiste, DA, webdesigner, d\u00e9veloppeur... Trouvez votre emploi parmi les offres propos\u00e9es (Stages, CDI, CDD)","og_url":"https:\/\/www.omediaparis.com\/fr\/talents\/","og_site_name":"OMEDIA PARIS","article_modified_time":"2024-11-13T12:53:09+00:00","og_image":[{"width":2372,"height":1322,"url":"https:\/\/www.omediaparis.com\/wp-content\/uploads\/2024\/07\/omedia-talents-01.jpg","type":"image\/jpeg"}],"twitter_card":"summary_large_image","twitter_misc":{"Dur\u00e9e de lecture estim\u00e9e":"1 minute"},"schema":{"@context":"https:\/\/schema.org","@graph":[{"@type":"WebPage","@id":"https:\/\/www.omediaparis.com\/fr\/talents\/","url":"https:\/\/www.omediaparis.com\/fr\/talents\/","name":"Rejoignez l'\u00e9quipe de cr\u00e9ation des experts du luxe I OMEDIA PARIS","isPartOf":{"@id":"https:\/\/www.omediaparis.com\/fr\/#website"},"primaryImageOfPage":{"@id":"https:\/\/www.omediaparis.com\/fr\/talents\/#primaryimage"},"image":{"@id":"https:\/\/www.omediaparis.com\/fr\/talents\/#primaryimage"},"thumbnailUrl":"https:\/\/www.omediaparis.com\/wp-content\/uploads\/2024\/07\/omedia-talents-01.jpg","datePublished":"2024-03-25T07:33:46+00:00","dateModified":"2024-11-13T12:53:09+00:00","description":"L'agence de publicit\u00e9 Omedia Paris recrute : graphiste, DA, webdesigner, d\u00e9veloppeur... Trouvez votre emploi parmi les offres propos\u00e9es (Stages, CDI, CDD)","breadcrumb":{"@id":"https:\/\/www.omediaparis.com\/fr\/talents\/#breadcrumb"},"inLanguage":"fr-FR","potentialAction":[{"@type":"ReadAction","target":["https:\/\/www.omediaparis.com\/fr\/talents\/"]}]},{"@type":"ImageObject","inLanguage":"fr-FR","@id":"https:\/\/www.omediaparis.com\/fr\/talents\/#primaryimage","url":"https:\/\/www.omediaparis.com\/wp-content\/uploads\/2024\/07\/omedia-talents-01.jpg","contentUrl":"https:\/\/www.omediaparis.com\/wp-content\/uploads\/2024\/07\/omedia-talents-01.jpg"},{"@type":"BreadcrumbList","@id":"https:\/\/www.omediaparis.com\/fr\/talents\/#breadcrumb","itemListElement":[{"@type":"ListItem","position":1,"name":"Accueil","item":"https:\/\/www.omediaparis.com\/fr\/"},{"@type":"ListItem","position":2,"name":"Talents"}]},{"@type":"WebSite","@id":"https:\/\/www.omediaparis.com\/fr\/#website","url":"https:\/\/www.omediaparis.com\/fr\/","name":"OMEDIA PARIS","description":"Agence de Communication Luxe","publisher":{"@id":"https:\/\/www.omediaparis.com\/fr\/#organization"},"potentialAction":[{"@type":"SearchAction","target":{"@type":"EntryPoint","urlTemplate":"https:\/\/www.omediaparis.com\/fr\/?s={search_term_string}"},"query-input":{"@type":"PropertyValueSpecification","valueRequired":true,"valueName":"search_term_string"}}],"inLanguage":"fr-FR"},{"@type":"Organization","@id":"https:\/\/www.omediaparis.com\/fr\/#organization","name":"OMEDIA","url":"https:\/\/www.omediaparis.com\/fr\/","logo":{"@type":"ImageObject","inLanguage":"fr-FR","@id":"https:\/\/www.omediaparis.com\/fr\/#\/schema\/logo\/image\/","url":"https:\/\/www.omediaparis.com\/wp-content\/uploads\/2024\/03\/logo-omedia.png","contentUrl":"https:\/\/www.omediaparis.com\/wp-content\/uploads\/2024\/03\/logo-omedia.png","width":828,"height":220,"caption":"OMEDIA"},"image":{"@id":"https:\/\/www.omediaparis.com\/fr\/#\/schema\/logo\/image\/"},"sameAs":["https:\/\/www.instagram.com\/omediaparis\/","https:\/\/www.linkedin.com\/company\/omedia\/"]}]}},"_links":{"self":[{"href":"https:\/\/www.omediaparis.com\/fr\/wp-json\/wp\/v2\/pages\/1017","targetHints":{"allow":["GET"]}}],"collection":[{"href":"https:\/\/www.omediaparis.com\/fr\/wp-json\/wp\/v2\/pages"}],"about":[{"href":"https:\/\/www.omediaparis.com\/fr\/wp-json\/wp\/v2\/types\/page"}],"author":[{"embeddable":true,"href":"https:\/\/www.omediaparis.com\/fr\/wp-json\/wp\/v2\/users\/1"}],"replies":[{"embeddable":true,"href":"https:\/\/www.omediaparis.com\/fr\/wp-json\/wp\/v2\/comments?post=1017"}],"version-history":[{"count":15,"href":"https:\/\/www.omediaparis.com\/fr\/wp-json\/wp\/v2\/pages\/1017\/revisions"}],"predecessor-version":[{"id":4903,"href":"https:\/\/www.omediaparis.com\/fr\/wp-json\/wp\/v2\/pages\/1017\/revisions\/4903"}],"wp:attachment":[{"href":"https:\/\/www.omediaparis.com\/fr\/wp-json\/wp\/v2\/media?parent=1017"}],"curies":[{"name":"wp","href":"https:\/\/api.w.org\/{rel}","templated":true}]}}