{"id":3315,"date":"2024-04-04T04:45:13","date_gmt":"2024-04-04T02:45:13","guid":{"rendered":"https:\/\/www.omediaparis.com\/beauty\/"},"modified":"2025-04-10T14:58:40","modified_gmt":"2025-04-10T12:58:40","slug":"beauty","status":"publish","type":"page","link":"https:\/\/www.omediaparis.com\/en\/beauty\/","title":{"rendered":"Beauty"},"content":{"rendered":"\t\t<div data-elementor-type=\"wp-page\" data-elementor-id=\"3315\" class=\"elementor elementor-3315 elementor-1388\" data-elementor-post-type=\"page\">\n\t\t\t\t<div class=\"elementor-element elementor-element-f9f5ec2 e-flex e-con-boxed e-con e-parent\" data-id=\"f9f5ec2\" data-element_type=\"container\">\n\t\t\t\t\t<div class=\"e-con-inner\">\n\t\t<div class=\"elementor-element elementor-element-b4d9baf e-con-full e-flex e-con e-child\" data-id=\"b4d9baf\" data-element_type=\"container\">\n\t\t\t\t<div class=\"elementor-element elementor-element-432d18c elementor-widget elementor-widget-heading\" data-id=\"432d18c\" data-element_type=\"widget\" data-settings=\"{&quot;motion_fx_motion_fx_scrolling&quot;:&quot;yes&quot;,&quot;motion_fx_translateY_effect&quot;:&quot;yes&quot;,&quot;motion_fx_translateY_affectedRange&quot;:{&quot;unit&quot;:&quot;%&quot;,&quot;size&quot;:&quot;&quot;,&quot;sizes&quot;:{&quot;start&quot;:0,&quot;end&quot;:50}},&quot;motion_fx_translateY_speed&quot;:{&quot;unit&quot;:&quot;px&quot;,&quot;size&quot;:4,&quot;sizes&quot;:[]},&quot;motion_fx_devices&quot;:[&quot;desktop&quot;,&quot;tablet&quot;,&quot;mobile&quot;]}\" data-widget_type=\"heading.default\">\n\t\t\t\t<div class=\"elementor-widget-container\">\n\t\t\t\t\t<h1 class=\"elementor-heading-title elementor-size-default\">Beauty<\/h1>\t\t\t\t<\/div>\n\t\t\t\t<\/div>\n\t\t\t\t<div class=\"elementor-element elementor-element-4e39417 elementor-widget-divider--view-line elementor-widget elementor-widget-divider\" data-id=\"4e39417\" data-element_type=\"widget\" data-widget_type=\"divider.default\">\n\t\t\t\t<div class=\"elementor-widget-container\">\n\t\t\t\t\t\t\t<div class=\"elementor-divider\">\n\t\t\t<span class=\"elementor-divider-separator\">\n\t\t\t\t\t\t<\/span>\n\t\t<\/div>\n\t\t\t\t\t\t<\/div>\n\t\t\t\t<\/div>\n\t\t\t\t<div class=\"elementor-element elementor-element-a822f34 elementor-widget elementor-widget-text-editor\" data-id=\"a822f34\" data-element_type=\"widget\" data-widget_type=\"text-editor.default\">\n\t\t\t\t<div class=\"elementor-widget-container\">\n\t\t\t\t\t\t\t\t\t<p>Artisans of beauty<br \/>Fragrances, make-up, skincare, dermo-cosmetic treatment. <a href=\"https:\/\/www.omediaparis.com\/en\/\">At Omedia<\/a>, we love beauty \u2013 all kinds of beauty. Armani Beaut\u00e9, Chlo\u00e9, Goutal Paris, Guerlain, Helena Rubinstein, Herm\u00e8s Parfums, Issey Miyake, La Prairie, Lanc\u00f4me, Groupe L\u2019Or\u00e9al, K\u00e9rastase, L\u2019Or\u00e9al Professionnel, Parfums Christian Dior, Provalliance, Roberto Cavalli, Yves Saint Laurent Beaut\u00e9\u2026<\/p>\t\t\t\t\t\t\t\t<\/div>\n\t\t\t\t<\/div>\n\t\t\t\t<\/div>\n\t\t\t\t\t<\/div>\n\t\t\t\t<\/div>\n\t\t<div class=\"elementor-element elementor-element-ac1e452 e-flex e-con-boxed e-con e-parent\" data-id=\"ac1e452\" data-element_type=\"container\">\n\t\t\t\t\t<div class=\"e-con-inner\">\n\t\t\t\t\t<\/div>\n\t\t\t\t<\/div>\n\t\t\t\t<\/div>\n\t\t","protected":false},"excerpt":{"rendered":"<p>Beauty Artisans of beautyFragrances, make-up, skincare, dermo-cosmetic treatment. At Omedia, we love beauty \u2013 all kinds of beauty. Armani Beaut\u00e9, Chlo\u00e9, Goutal [&hellip;]<\/p>\n","protected":false},"author":1,"featured_media":0,"parent":0,"menu_order":0,"comment_status":"closed","ping_status":"closed","template":"elementor_header_footer","meta":{"footnotes":""},"class_list":["post-3315","page","type-page","status-publish","hentry"],"yoast_head":"<!-- This site is optimized with the Yoast SEO plugin v27.5 - https:\/\/yoast.com\/product\/yoast-seo-wordpress\/ -->\n<title>Beauty, Perfumes, Skincare, Make-up, Dermo-cosmetics I OMEDIA PARIS<\/title>\n<meta name=\"description\" content=\"Discover our luxury design and communication agency in Paris for your perfumery and cosmetics projects.\" \/>\n<meta name=\"robots\" content=\"index, follow, max-snippet:-1, max-image-preview:large, max-video-preview:-1\" \/>\n<link rel=\"canonical\" href=\"https:\/\/www.omediaparis.com\/en\/beauty\/\" \/>\n<meta property=\"og:locale\" content=\"en_US\" \/>\n<meta property=\"og:type\" content=\"article\" \/>\n<meta property=\"og:title\" content=\"Beauty, Perfumes, Skincare, Make-up, Dermo-cosmetics I OMEDIA PARIS\" \/>\n<meta property=\"og:description\" content=\"Discover our luxury design and communication agency in Paris for your perfumery and cosmetics projects.\" \/>\n<meta property=\"og:url\" content=\"https:\/\/www.omediaparis.com\/en\/beauty\/\" \/>\n<meta property=\"og:site_name\" content=\"OMEDIA PARIS\" \/>\n<meta property=\"article:modified_time\" content=\"2025-04-10T12:58:40+00:00\" \/>\n<meta name=\"twitter:card\" content=\"summary_large_image\" \/>\n<meta name=\"twitter:label1\" content=\"Est. reading time\" \/>\n\t<meta name=\"twitter:data1\" content=\"4 minutes\" \/>\n<script type=\"application\/ld+json\" class=\"yoast-schema-graph\">{\"@context\":\"https:\\\/\\\/schema.org\",\"@graph\":[{\"@type\":\"WebPage\",\"@id\":\"https:\\\/\\\/www.omediaparis.com\\\/en\\\/beauty\\\/\",\"url\":\"https:\\\/\\\/www.omediaparis.com\\\/en\\\/beauty\\\/\",\"name\":\"Beauty, Perfumes, Skincare, Make-up, Dermo-cosmetics I OMEDIA PARIS\",\"isPartOf\":{\"@id\":\"https:\\\/\\\/www.omediaparis.com\\\/en\\\/#website\"},\"datePublished\":\"2024-04-04T02:45:13+00:00\",\"dateModified\":\"2025-04-10T12:58:40+00:00\",\"description\":\"Discover our luxury design and communication agency in Paris for your perfumery and cosmetics projects.\",\"breadcrumb\":{\"@id\":\"https:\\\/\\\/www.omediaparis.com\\\/en\\\/beauty\\\/#breadcrumb\"},\"inLanguage\":\"en-US\",\"potentialAction\":[{\"@type\":\"ReadAction\",\"target\":[\"https:\\\/\\\/www.omediaparis.com\\\/en\\\/beauty\\\/\"]}]},{\"@type\":\"BreadcrumbList\",\"@id\":\"https:\\\/\\\/www.omediaparis.com\\\/en\\\/beauty\\\/#breadcrumb\",\"itemListElement\":[{\"@type\":\"ListItem\",\"position\":1,\"name\":\"Accueil\",\"item\":\"https:\\\/\\\/www.omediaparis.com\\\/en\\\/\"},{\"@type\":\"ListItem\",\"position\":2,\"name\":\"Beauty\"}]},{\"@type\":\"WebSite\",\"@id\":\"https:\\\/\\\/www.omediaparis.com\\\/en\\\/#website\",\"url\":\"https:\\\/\\\/www.omediaparis.com\\\/en\\\/\",\"name\":\"OMEDIA PARIS\",\"description\":\"Agence de Communication Luxe\",\"publisher\":{\"@id\":\"https:\\\/\\\/www.omediaparis.com\\\/en\\\/#organization\"},\"potentialAction\":[{\"@type\":\"SearchAction\",\"target\":{\"@type\":\"EntryPoint\",\"urlTemplate\":\"https:\\\/\\\/www.omediaparis.com\\\/en\\\/?s={search_term_string}\"},\"query-input\":{\"@type\":\"PropertyValueSpecification\",\"valueRequired\":true,\"valueName\":\"search_term_string\"}}],\"inLanguage\":\"en-US\"},{\"@type\":\"Organization\",\"@id\":\"https:\\\/\\\/www.omediaparis.com\\\/en\\\/#organization\",\"name\":\"OMEDIA\",\"url\":\"https:\\\/\\\/www.omediaparis.com\\\/en\\\/\",\"logo\":{\"@type\":\"ImageObject\",\"inLanguage\":\"en-US\",\"@id\":\"https:\\\/\\\/www.omediaparis.com\\\/en\\\/#\\\/schema\\\/logo\\\/image\\\/\",\"url\":\"https:\\\/\\\/www.omediaparis.com\\\/wp-content\\\/uploads\\\/2024\\\/03\\\/logo-omedia.png\",\"contentUrl\":\"https:\\\/\\\/www.omediaparis.com\\\/wp-content\\\/uploads\\\/2024\\\/03\\\/logo-omedia.png\",\"width\":828,\"height\":220,\"caption\":\"OMEDIA\"},\"image\":{\"@id\":\"https:\\\/\\\/www.omediaparis.com\\\/en\\\/#\\\/schema\\\/logo\\\/image\\\/\"},\"sameAs\":[\"https:\\\/\\\/www.instagram.com\\\/omediaparis\\\/\",\"https:\\\/\\\/www.linkedin.com\\\/company\\\/omedia\\\/\"]}]}<\/script>\n<!-- \/ Yoast SEO plugin. -->","yoast_head_json":{"title":"Beauty, Perfumes, Skincare, Make-up, Dermo-cosmetics I OMEDIA PARIS","description":"Discover our luxury design and communication agency in Paris for your perfumery and cosmetics projects.","robots":{"index":"index","follow":"follow","max-snippet":"max-snippet:-1","max-image-preview":"max-image-preview:large","max-video-preview":"max-video-preview:-1"},"canonical":"https:\/\/www.omediaparis.com\/en\/beauty\/","og_locale":"en_US","og_type":"article","og_title":"Beauty, Perfumes, Skincare, Make-up, Dermo-cosmetics I OMEDIA PARIS","og_description":"Discover our luxury design and communication agency in Paris for your perfumery and cosmetics projects.","og_url":"https:\/\/www.omediaparis.com\/en\/beauty\/","og_site_name":"OMEDIA PARIS","article_modified_time":"2025-04-10T12:58:40+00:00","twitter_card":"summary_large_image","twitter_misc":{"Est. reading time":"4 minutes"},"schema":{"@context":"https:\/\/schema.org","@graph":[{"@type":"WebPage","@id":"https:\/\/www.omediaparis.com\/en\/beauty\/","url":"https:\/\/www.omediaparis.com\/en\/beauty\/","name":"Beauty, Perfumes, Skincare, Make-up, Dermo-cosmetics I OMEDIA PARIS","isPartOf":{"@id":"https:\/\/www.omediaparis.com\/en\/#website"},"datePublished":"2024-04-04T02:45:13+00:00","dateModified":"2025-04-10T12:58:40+00:00","description":"Discover our luxury design and communication agency in Paris for your perfumery and cosmetics projects.","breadcrumb":{"@id":"https:\/\/www.omediaparis.com\/en\/beauty\/#breadcrumb"},"inLanguage":"en-US","potentialAction":[{"@type":"ReadAction","target":["https:\/\/www.omediaparis.com\/en\/beauty\/"]}]},{"@type":"BreadcrumbList","@id":"https:\/\/www.omediaparis.com\/en\/beauty\/#breadcrumb","itemListElement":[{"@type":"ListItem","position":1,"name":"Accueil","item":"https:\/\/www.omediaparis.com\/en\/"},{"@type":"ListItem","position":2,"name":"Beauty"}]},{"@type":"WebSite","@id":"https:\/\/www.omediaparis.com\/en\/#website","url":"https:\/\/www.omediaparis.com\/en\/","name":"OMEDIA PARIS","description":"Agence de Communication Luxe","publisher":{"@id":"https:\/\/www.omediaparis.com\/en\/#organization"},"potentialAction":[{"@type":"SearchAction","target":{"@type":"EntryPoint","urlTemplate":"https:\/\/www.omediaparis.com\/en\/?s={search_term_string}"},"query-input":{"@type":"PropertyValueSpecification","valueRequired":true,"valueName":"search_term_string"}}],"inLanguage":"en-US"},{"@type":"Organization","@id":"https:\/\/www.omediaparis.com\/en\/#organization","name":"OMEDIA","url":"https:\/\/www.omediaparis.com\/en\/","logo":{"@type":"ImageObject","inLanguage":"en-US","@id":"https:\/\/www.omediaparis.com\/en\/#\/schema\/logo\/image\/","url":"https:\/\/www.omediaparis.com\/wp-content\/uploads\/2024\/03\/logo-omedia.png","contentUrl":"https:\/\/www.omediaparis.com\/wp-content\/uploads\/2024\/03\/logo-omedia.png","width":828,"height":220,"caption":"OMEDIA"},"image":{"@id":"https:\/\/www.omediaparis.com\/en\/#\/schema\/logo\/image\/"},"sameAs":["https:\/\/www.instagram.com\/omediaparis\/","https:\/\/www.linkedin.com\/company\/omedia\/"]}]}},"_links":{"self":[{"href":"https:\/\/www.omediaparis.com\/en\/wp-json\/wp\/v2\/pages\/3315","targetHints":{"allow":["GET"]}}],"collection":[{"href":"https:\/\/www.omediaparis.com\/en\/wp-json\/wp\/v2\/pages"}],"about":[{"href":"https:\/\/www.omediaparis.com\/en\/wp-json\/wp\/v2\/types\/page"}],"author":[{"embeddable":true,"href":"https:\/\/www.omediaparis.com\/en\/wp-json\/wp\/v2\/users\/1"}],"replies":[{"embeddable":true,"href":"https:\/\/www.omediaparis.com\/en\/wp-json\/wp\/v2\/comments?post=3315"}],"version-history":[{"count":8,"href":"https:\/\/www.omediaparis.com\/en\/wp-json\/wp\/v2\/pages\/3315\/revisions"}],"predecessor-version":[{"id":5674,"href":"https:\/\/www.omediaparis.com\/en\/wp-json\/wp\/v2\/pages\/3315\/revisions\/5674"}],"wp:attachment":[{"href":"https:\/\/www.omediaparis.com\/en\/wp-json\/wp\/v2\/media?parent=3315"}],"curies":[{"name":"wp","href":"https:\/\/api.w.org\/{rel}","templated":true}]}}