{"id":3311,"date":"2024-04-04T04:39:17","date_gmt":"2024-04-04T02:39:17","guid":{"rendered":"https:\/\/www.omediaparis.com\/lifestyle\/"},"modified":"2025-04-10T11:47:10","modified_gmt":"2025-04-10T09:47:10","slug":"lifestyle","status":"publish","type":"page","link":"https:\/\/www.omediaparis.com\/en\/lifestyle\/","title":{"rendered":"Lifestyle"},"content":{"rendered":"\t\t<div data-elementor-type=\"wp-page\" data-elementor-id=\"3311\" class=\"elementor elementor-3311 elementor-1379\" data-elementor-post-type=\"page\">\n\t\t\t\t<div class=\"elementor-element elementor-element-f9f5ec2 e-flex e-con-boxed e-con e-parent\" data-id=\"f9f5ec2\" data-element_type=\"container\">\n\t\t\t\t\t<div class=\"e-con-inner\">\n\t\t<div class=\"elementor-element elementor-element-b4d9baf e-con-full e-flex e-con e-child\" data-id=\"b4d9baf\" data-element_type=\"container\">\n\t\t\t\t<div class=\"elementor-element elementor-element-432d18c elementor-widget elementor-widget-heading\" data-id=\"432d18c\" data-element_type=\"widget\" data-settings=\"{&quot;motion_fx_motion_fx_scrolling&quot;:&quot;yes&quot;,&quot;motion_fx_translateY_effect&quot;:&quot;yes&quot;,&quot;motion_fx_translateY_affectedRange&quot;:{&quot;unit&quot;:&quot;%&quot;,&quot;size&quot;:&quot;&quot;,&quot;sizes&quot;:{&quot;start&quot;:0,&quot;end&quot;:50}},&quot;motion_fx_translateY_speed&quot;:{&quot;unit&quot;:&quot;px&quot;,&quot;size&quot;:4,&quot;sizes&quot;:[]},&quot;motion_fx_devices&quot;:[&quot;desktop&quot;,&quot;tablet&quot;,&quot;mobile&quot;]}\" data-widget_type=\"heading.default\">\n\t\t\t\t<div class=\"elementor-widget-container\">\n\t\t\t\t\t<h1 class=\"elementor-heading-title elementor-size-default\">Lifestyle<\/h1>\t\t\t\t<\/div>\n\t\t\t\t<\/div>\n\t\t\t\t<div class=\"elementor-element elementor-element-4e39417 elementor-widget-divider--view-line elementor-widget elementor-widget-divider\" data-id=\"4e39417\" data-element_type=\"widget\" data-widget_type=\"divider.default\">\n\t\t\t\t<div class=\"elementor-widget-container\">\n\t\t\t\t\t\t\t<div class=\"elementor-divider\">\n\t\t\t<span class=\"elementor-divider-separator\">\n\t\t\t\t\t\t<\/span>\n\t\t<\/div>\n\t\t\t\t\t\t<\/div>\n\t\t\t\t<\/div>\n\t\t\t\t<div class=\"elementor-element elementor-element-a822f34 elementor-widget elementor-widget-text-editor\" data-id=\"a822f34\" data-element_type=\"widget\" data-widget_type=\"text-editor.default\">\n\t\t\t\t<div class=\"elementor-widget-container\">\n\t\t\t\t\t\t\t\t\t<p>From gastronomy to tableware, hotels to travel, <a href=\"https:\/\/www.omediaparis.com\/en\/\">we<\/a> promote a tangible and especially intangible heritage: the French art de vivre.<br \/>Ary Jan Art Gallery, Cheval Blanc, Christofle, \u00c9cole Ducasse, Glion Institute, Elle &amp; Vire Professionnel, La Mamounia, Len\u00f4tre, Lescure, Faye Gastronomie, H\u00f4tel George V, Sommet Education, Yachts de Paris\u2026<\/p>\t\t\t\t\t\t\t\t<\/div>\n\t\t\t\t<\/div>\n\t\t\t\t<\/div>\n\t\t\t\t\t<\/div>\n\t\t\t\t<\/div>\n\t\t<div class=\"elementor-element elementor-element-ac1e452 e-flex e-con-boxed e-con e-parent\" data-id=\"ac1e452\" data-element_type=\"container\">\n\t\t\t\t\t<div class=\"e-con-inner\">\n\t\t\t\t\t<\/div>\n\t\t\t\t<\/div>\n\t\t\t\t<\/div>\n\t\t","protected":false},"excerpt":{"rendered":"<p>Lifestyle From gastronomy to tableware, hotels to travel, we promote a tangible and especially intangible heritage: the French art de vivre.Ary Jan [&hellip;]<\/p>\n","protected":false},"author":1,"featured_media":0,"parent":0,"menu_order":0,"comment_status":"closed","ping_status":"closed","template":"elementor_header_footer","meta":{"footnotes":""},"class_list":["post-3311","page","type-page","status-publish","hentry"],"yoast_head":"<!-- This site is optimized with the Yoast SEO plugin v26.5 - https:\/\/yoast.com\/wordpress\/plugins\/seo\/ -->\n<title>Lifestyle, Gastronomy, Hotels, Travel I OMEDIA PARIS<\/title>\n<meta name=\"description\" content=\"Our teams are experts in the creation of digital projects for luxury products, discover our latest creations in lifestyle with French chic.\" \/>\n<meta name=\"robots\" content=\"index, follow, max-snippet:-1, max-image-preview:large, max-video-preview:-1\" \/>\n<link rel=\"canonical\" href=\"https:\/\/www.omediaparis.com\/en\/lifestyle\/\" \/>\n<meta property=\"og:locale\" content=\"en_US\" \/>\n<meta property=\"og:type\" content=\"article\" \/>\n<meta property=\"og:title\" content=\"Lifestyle, Gastronomy, Hotels, Travel I OMEDIA PARIS\" \/>\n<meta property=\"og:description\" content=\"Our teams are experts in the creation of digital projects for luxury products, discover our latest creations in lifestyle with French chic.\" \/>\n<meta property=\"og:url\" content=\"https:\/\/www.omediaparis.com\/en\/lifestyle\/\" \/>\n<meta property=\"og:site_name\" content=\"OMEDIA PARIS\" \/>\n<meta property=\"article:modified_time\" content=\"2025-04-10T09:47:10+00:00\" \/>\n<meta name=\"twitter:card\" content=\"summary_large_image\" \/>\n<meta name=\"twitter:label1\" content=\"Est. reading time\" \/>\n\t<meta name=\"twitter:data1\" content=\"3 minutes\" \/>\n<script type=\"application\/ld+json\" class=\"yoast-schema-graph\">{\"@context\":\"https:\/\/schema.org\",\"@graph\":[{\"@type\":\"WebPage\",\"@id\":\"https:\/\/www.omediaparis.com\/en\/lifestyle\/\",\"url\":\"https:\/\/www.omediaparis.com\/en\/lifestyle\/\",\"name\":\"Lifestyle, Gastronomy, Hotels, Travel I OMEDIA PARIS\",\"isPartOf\":{\"@id\":\"https:\/\/www.omediaparis.com\/en\/#website\"},\"datePublished\":\"2024-04-04T02:39:17+00:00\",\"dateModified\":\"2025-04-10T09:47:10+00:00\",\"description\":\"Our teams are experts in the creation of digital projects for luxury products, discover our latest creations in lifestyle with French chic.\",\"breadcrumb\":{\"@id\":\"https:\/\/www.omediaparis.com\/en\/lifestyle\/#breadcrumb\"},\"inLanguage\":\"en-US\",\"potentialAction\":[{\"@type\":\"ReadAction\",\"target\":[\"https:\/\/www.omediaparis.com\/en\/lifestyle\/\"]}]},{\"@type\":\"BreadcrumbList\",\"@id\":\"https:\/\/www.omediaparis.com\/en\/lifestyle\/#breadcrumb\",\"itemListElement\":[{\"@type\":\"ListItem\",\"position\":1,\"name\":\"Accueil\",\"item\":\"https:\/\/www.omediaparis.com\/en\/\"},{\"@type\":\"ListItem\",\"position\":2,\"name\":\"Lifestyle\"}]},{\"@type\":\"WebSite\",\"@id\":\"https:\/\/www.omediaparis.com\/en\/#website\",\"url\":\"https:\/\/www.omediaparis.com\/en\/\",\"name\":\"OMEDIA PARIS\",\"description\":\"Agence de Communication Luxe\",\"publisher\":{\"@id\":\"https:\/\/www.omediaparis.com\/en\/#organization\"},\"potentialAction\":[{\"@type\":\"SearchAction\",\"target\":{\"@type\":\"EntryPoint\",\"urlTemplate\":\"https:\/\/www.omediaparis.com\/en\/?s={search_term_string}\"},\"query-input\":{\"@type\":\"PropertyValueSpecification\",\"valueRequired\":true,\"valueName\":\"search_term_string\"}}],\"inLanguage\":\"en-US\"},{\"@type\":\"Organization\",\"@id\":\"https:\/\/www.omediaparis.com\/en\/#organization\",\"name\":\"OMEDIA\",\"url\":\"https:\/\/www.omediaparis.com\/en\/\",\"logo\":{\"@type\":\"ImageObject\",\"inLanguage\":\"en-US\",\"@id\":\"https:\/\/www.omediaparis.com\/en\/#\/schema\/logo\/image\/\",\"url\":\"https:\/\/www.omediaparis.com\/wp-content\/uploads\/2024\/03\/logo-omedia.png\",\"contentUrl\":\"https:\/\/www.omediaparis.com\/wp-content\/uploads\/2024\/03\/logo-omedia.png\",\"width\":828,\"height\":220,\"caption\":\"OMEDIA\"},\"image\":{\"@id\":\"https:\/\/www.omediaparis.com\/en\/#\/schema\/logo\/image\/\"},\"sameAs\":[\"https:\/\/www.instagram.com\/omediaparis\/\",\"https:\/\/www.linkedin.com\/company\/omedia\/\"]}]}<\/script>\n<!-- \/ Yoast SEO plugin. -->","yoast_head_json":{"title":"Lifestyle, Gastronomy, Hotels, Travel I OMEDIA PARIS","description":"Our teams are experts in the creation of digital projects for luxury products, discover our latest creations in lifestyle with French chic.","robots":{"index":"index","follow":"follow","max-snippet":"max-snippet:-1","max-image-preview":"max-image-preview:large","max-video-preview":"max-video-preview:-1"},"canonical":"https:\/\/www.omediaparis.com\/en\/lifestyle\/","og_locale":"en_US","og_type":"article","og_title":"Lifestyle, Gastronomy, Hotels, Travel I OMEDIA PARIS","og_description":"Our teams are experts in the creation of digital projects for luxury products, discover our latest creations in lifestyle with French chic.","og_url":"https:\/\/www.omediaparis.com\/en\/lifestyle\/","og_site_name":"OMEDIA PARIS","article_modified_time":"2025-04-10T09:47:10+00:00","twitter_card":"summary_large_image","twitter_misc":{"Est. reading time":"3 minutes"},"schema":{"@context":"https:\/\/schema.org","@graph":[{"@type":"WebPage","@id":"https:\/\/www.omediaparis.com\/en\/lifestyle\/","url":"https:\/\/www.omediaparis.com\/en\/lifestyle\/","name":"Lifestyle, Gastronomy, Hotels, Travel I OMEDIA PARIS","isPartOf":{"@id":"https:\/\/www.omediaparis.com\/en\/#website"},"datePublished":"2024-04-04T02:39:17+00:00","dateModified":"2025-04-10T09:47:10+00:00","description":"Our teams are experts in the creation of digital projects for luxury products, discover our latest creations in lifestyle with French chic.","breadcrumb":{"@id":"https:\/\/www.omediaparis.com\/en\/lifestyle\/#breadcrumb"},"inLanguage":"en-US","potentialAction":[{"@type":"ReadAction","target":["https:\/\/www.omediaparis.com\/en\/lifestyle\/"]}]},{"@type":"BreadcrumbList","@id":"https:\/\/www.omediaparis.com\/en\/lifestyle\/#breadcrumb","itemListElement":[{"@type":"ListItem","position":1,"name":"Accueil","item":"https:\/\/www.omediaparis.com\/en\/"},{"@type":"ListItem","position":2,"name":"Lifestyle"}]},{"@type":"WebSite","@id":"https:\/\/www.omediaparis.com\/en\/#website","url":"https:\/\/www.omediaparis.com\/en\/","name":"OMEDIA PARIS","description":"Agence de Communication Luxe","publisher":{"@id":"https:\/\/www.omediaparis.com\/en\/#organization"},"potentialAction":[{"@type":"SearchAction","target":{"@type":"EntryPoint","urlTemplate":"https:\/\/www.omediaparis.com\/en\/?s={search_term_string}"},"query-input":{"@type":"PropertyValueSpecification","valueRequired":true,"valueName":"search_term_string"}}],"inLanguage":"en-US"},{"@type":"Organization","@id":"https:\/\/www.omediaparis.com\/en\/#organization","name":"OMEDIA","url":"https:\/\/www.omediaparis.com\/en\/","logo":{"@type":"ImageObject","inLanguage":"en-US","@id":"https:\/\/www.omediaparis.com\/en\/#\/schema\/logo\/image\/","url":"https:\/\/www.omediaparis.com\/wp-content\/uploads\/2024\/03\/logo-omedia.png","contentUrl":"https:\/\/www.omediaparis.com\/wp-content\/uploads\/2024\/03\/logo-omedia.png","width":828,"height":220,"caption":"OMEDIA"},"image":{"@id":"https:\/\/www.omediaparis.com\/en\/#\/schema\/logo\/image\/"},"sameAs":["https:\/\/www.instagram.com\/omediaparis\/","https:\/\/www.linkedin.com\/company\/omedia\/"]}]}},"_links":{"self":[{"href":"https:\/\/www.omediaparis.com\/en\/wp-json\/wp\/v2\/pages\/3311","targetHints":{"allow":["GET"]}}],"collection":[{"href":"https:\/\/www.omediaparis.com\/en\/wp-json\/wp\/v2\/pages"}],"about":[{"href":"https:\/\/www.omediaparis.com\/en\/wp-json\/wp\/v2\/types\/page"}],"author":[{"embeddable":true,"href":"https:\/\/www.omediaparis.com\/en\/wp-json\/wp\/v2\/users\/1"}],"replies":[{"embeddable":true,"href":"https:\/\/www.omediaparis.com\/en\/wp-json\/wp\/v2\/comments?post=3311"}],"version-history":[{"count":10,"href":"https:\/\/www.omediaparis.com\/en\/wp-json\/wp\/v2\/pages\/3311\/revisions"}],"predecessor-version":[{"id":5667,"href":"https:\/\/www.omediaparis.com\/en\/wp-json\/wp\/v2\/pages\/3311\/revisions\/5667"}],"wp:attachment":[{"href":"https:\/\/www.omediaparis.com\/en\/wp-json\/wp\/v2\/media?parent=3311"}],"curies":[{"name":"wp","href":"https:\/\/api.w.org\/{rel}","templated":true}]}}